{"id":1309,"date":"2015-04-30T16:18:03","date_gmt":"2015-04-30T14:18:03","guid":{"rendered":"http:\/\/www.tinosecolodge.gr\/de\/location\/"},"modified":"2015-10-22T11:11:11","modified_gmt":"2015-10-22T09:11:11","slug":"lage","status":"publish","type":"page","link":"https:\/\/www.tinosecolodge.gr\/de\/lage\/","title":{"rendered":"Lage"},"content":{"rendered":"<div class=\"wpb-content-wrapper\"><p>[vc_row][vc_column][vc_column_text]<\/p>\n<h1>Anfahrt<\/h1>\n<p>[\/vc_column_text][vc_column_text]<\/p>\n<figure id=\"attachment_2014\" class=\"alignleft fixed\" style=\"width: 150px;\"><a class=\"zoom-hover fb\" data-fancybox-group=\"post-1309\" data-fancybox-title=\"\" href=\"http:\/\/www.tinosecolodge.gr\/cms\/wp-content\/uploads\/2015\/04\/anfahrtsskizze1.jpg\"><img loading=\"lazy\" decoding=\"async\" class=\" wp-image-2014 size-thumbnail\" src=\"http:\/\/www.tinosecolodge.gr\/cms\/wp-content\/uploads\/2015\/04\/anfahrtsskizze1-150x150.jpg\" alt=\"anfahrtsskizze\" width=\"150\" height=\"150\" \/><\/a><\/figure>\n<h4><i class=\"icon-location\" style=\"font-size: 30px;\"><\/i> Tinos \/ Akeratos \/ Potamia \/ Steni \/ Eco Lodge<\/h4>\n<p>Nach Tinos zu kommen ist eigentlich recht einfach. Der schnellste Weg ist wohl mit dem Flugzeug zur Nachbarinsel Mykonos und von dort mit der F\u00e4hre in einer halben Stunde nach Tinos. Allerdings wird Mykonos \u00fcberwiegend im Sommer angeflogen. Wenn ihr nach Athen fliegt nehmt ihr von dort den <a href=\"http:\/\/www.ktelattikis.gr\/routes.php\"><strong>Bus zum<\/strong> <strong>Hafen von\u00a0Rafina<\/strong><\/a> (\u03a1\u03b1\u03c6\u03ae\u03bd\u03b1) von wo aus ihr die F\u00e4hre nach Tinos nehmt. Die F\u00e4hre von <strong>Rafina nach Tinos f\u00e4hrt zwei Mal pro Tag<\/strong> und dauert in etwa vier Stunden. Wenn ihr aus dem Zentrum von Athen kommt ist der Hafen von Pir\u00e4us n\u00e4her, von dort f\u00e4hrt die F\u00e4hre allerdings etwas l\u00e4nger und derzeit nur einmal am Tag. <strong>Die Fahrkarten f\u00fcr die F\u00e4hre erhaltet ihr am besten direkt am Hafen.<\/strong><\/p>\n<p>Auf der Karte k\u00f6nnt ihr den Weg von Tinos Hafen bis zum Eco Lodge Grundst\u00fcck nachvollziehen.\u00a0Von\u00a0Tinos Stadt aus folgt ihr \u00fcber 10 Km\u00a0den Schildern nach Steni. Nachdem ihr das Dorf durchquert habt m\u00fcsst ihr rechts Richtung Potamia und Santa Margarita abbiegen. Bevor ihr das \u00a0Dorf erreicht m\u00fcsst ihr euch erneut rechts halten Richtung Santa Margarita. Nach einem weiteren Kilometer findet ihr die Eco Lodge auf der rechten Seite.[\/vc_column_text][vc_gmaps link=&#8220;#E-8_JTNDaWZyYW1lJTIwc3JjJTNEJTIyaHR0cHMlM0ElMkYlMkZ3d3cuZ29vZ2xlLmNvbSUyRm1hcHMlMkZkJTJGZW1iZWQlM0ZtaWQlM0R6b2ZuQ2g3dFVwXzAua0FodzV5SW9pa0RNJTIyJTIwd2lkdGglM0QlMjI4MDAlMjIlMjBoZWlnaHQlM0QlMjI2MDAlMjIlM0UlM0MlMkZpZnJhbWUlM0U=&#8220; size=&#8220;300&#8243;][vc_column_text]<\/p>\n<h1>Die Lage<\/h1>\n<p>[\/vc_column_text][\/vc_column][\/vc_row][vc_row el_class=&#8220;galleryminpad&#8220;][vc_column width=&#8220;1\/2&#8243;][vc_column_text]<\/p>\n<h4>Das Grundst\u00fcck ist\u00a0an\u00a0der Ostseite der Insel gelegen,\u00a02,7 km unterhalb des\u00a0Dorfes Steni, wo es einige empfehlenswerte Tavernen und grundlegende Einkaufsm\u00f6glichkeiten gibt und lediglich 1,5 km entfernt von\u00a0den sch\u00f6nen Str\u00e4nden\u00a0<a href=\"http:\/\/www.tinosecolodge.gr\/cms\/wp-content\/uploads\/2015\/04\/Santa-margarita2.jpg\">Santa Margarita<\/a> und <a href=\"http:\/\/www.tinosecolodge.gr\/cms\/wp-content\/uploads\/2015\/04\/Lychnaftia1.jpg\">Lychnaftia<\/a>.<\/h4>\n<p>[\/vc_column_text][vc_column_text]<\/p>\n<p>Auf dem Grundst\u00fcck befinden sich\u00a0drei\u00a0sehr alte traditionelle Stallungen aus Stein\u00a0und es\u00a0wachsen\u00a0viele gro\u00dfe alte Eichen, die den Besuchern bereits in den ersten Jahren zus\u00e4tzlichen Schatten spenden, was allerdings f\u00fcr diese trockene \u00e4g\u00e4ische Insel erstaunlich ist. An die\u00a0Westseite grenzt es fast an einen kleinen Flussstrom mit gro\u00dfen Platanen\u00a0und anderer typischer Ufervegetation, die diesen Ort erstaunlich gr\u00fcn und wild macht.<\/p>\n<p>[\/vc_column_text][\/vc_column][vc_column width=&#8220;1\/2&#8243;][vc_column_text el_class=&#8220;galleryminpad&#8220;]<\/p>\n<div id=\"gallery-1\" class=\"columns\"><ul><li class=\"col-1-4\"><figure class=\"full-width\"><a class=\"zoom-hover fb\" data-fancybox-group=\"gallery-1\" data-fancybox-title=\"\" href=\"https:\/\/www.tinosecolodge.gr\/cms\/wp-content\/uploads\/2015\/05\/spring_plot.jpg\"><img loading=\"lazy\" decoding=\"async\" width=\"350\" height=\"350\" src=\"https:\/\/www.tinosecolodge.gr\/cms\/wp-content\/uploads\/2015\/05\/spring_plot-350x350.jpg\" class=\"attachment-thumbnail size-thumbnail\" alt=\"\" srcset=\"https:\/\/www.tinosecolodge.gr\/cms\/wp-content\/uploads\/2015\/05\/spring_plot-350x350.jpg 350w, https:\/\/www.tinosecolodge.gr\/cms\/wp-content\/uploads\/2015\/05\/spring_plot-238x238.jpg 238w, https:\/\/www.tinosecolodge.gr\/cms\/wp-content\/uploads\/2015\/05\/spring_plot-56x56.jpg 56w, https:\/\/www.tinosecolodge.gr\/cms\/wp-content\/uploads\/2015\/05\/spring_plot-476x476.jpg 476w, https:\/\/www.tinosecolodge.gr\/cms\/wp-content\/uploads\/2015\/05\/spring_plot-112x112.jpg 112w\" sizes=\"auto, (max-width: 350px) 100vw, 350px\" \/><\/a><\/figure><\/li><li class=\"col-1-4\"><figure class=\"full-width\"><a class=\"zoom-hover fb\" data-fancybox-group=\"gallery-1\" data-fancybox-title=\"\" href=\"https:\/\/www.tinosecolodge.gr\/cms\/wp-content\/uploads\/2015\/04\/big_house_3.jpg\"><img loading=\"lazy\" decoding=\"async\" width=\"350\" height=\"350\" src=\"https:\/\/www.tinosecolodge.gr\/cms\/wp-content\/uploads\/2015\/04\/big_house_3-350x350.jpg\" class=\"attachment-thumbnail size-thumbnail\" alt=\"\" srcset=\"https:\/\/www.tinosecolodge.gr\/cms\/wp-content\/uploads\/2015\/04\/big_house_3-350x350.jpg 350w, https:\/\/www.tinosecolodge.gr\/cms\/wp-content\/uploads\/2015\/04\/big_house_3-238x238.jpg 238w, https:\/\/www.tinosecolodge.gr\/cms\/wp-content\/uploads\/2015\/04\/big_house_3-56x56.jpg 56w, https:\/\/www.tinosecolodge.gr\/cms\/wp-content\/uploads\/2015\/04\/big_house_3-476x476.jpg 476w, https:\/\/www.tinosecolodge.gr\/cms\/wp-content\/uploads\/2015\/04\/big_house_3-112x112.jpg 112w\" sizes=\"auto, (max-width: 350px) 100vw, 350px\" \/><\/a><\/figure><\/li><li class=\"col-1-4\"><figure class=\"full-width\"><a class=\"zoom-hover fb\" data-fancybox-group=\"gallery-1\" data-fancybox-title=\"\" href=\"https:\/\/www.tinosecolodge.gr\/cms\/wp-content\/uploads\/2015\/04\/big_house_4.jpg\"><img loading=\"lazy\" decoding=\"async\" width=\"350\" height=\"350\" src=\"https:\/\/www.tinosecolodge.gr\/cms\/wp-content\/uploads\/2015\/04\/big_house_4-350x350.jpg\" class=\"attachment-thumbnail size-thumbnail\" alt=\"\" srcset=\"https:\/\/www.tinosecolodge.gr\/cms\/wp-content\/uploads\/2015\/04\/big_house_4-350x350.jpg 350w, https:\/\/www.tinosecolodge.gr\/cms\/wp-content\/uploads\/2015\/04\/big_house_4-238x238.jpg 238w, https:\/\/www.tinosecolodge.gr\/cms\/wp-content\/uploads\/2015\/04\/big_house_4-56x56.jpg 56w, https:\/\/www.tinosecolodge.gr\/cms\/wp-content\/uploads\/2015\/04\/big_house_4-476x476.jpg 476w, https:\/\/www.tinosecolodge.gr\/cms\/wp-content\/uploads\/2015\/04\/big_house_4-112x112.jpg 112w\" sizes=\"auto, (max-width: 350px) 100vw, 350px\" \/><\/a><\/figure><\/li><li class=\"col-1-4\"><figure class=\"full-width\"><a class=\"zoom-hover fb\" data-fancybox-group=\"gallery-1\" data-fancybox-title=\"\" href=\"https:\/\/www.tinosecolodge.gr\/cms\/wp-content\/uploads\/2015\/05\/panorama-4.jpg\"><img loading=\"lazy\" decoding=\"async\" width=\"350\" height=\"350\" src=\"https:\/\/www.tinosecolodge.gr\/cms\/wp-content\/uploads\/2015\/05\/panorama-4-350x350.jpg\" class=\"attachment-thumbnail size-thumbnail\" alt=\"\" srcset=\"https:\/\/www.tinosecolodge.gr\/cms\/wp-content\/uploads\/2015\/05\/panorama-4-350x350.jpg 350w, https:\/\/www.tinosecolodge.gr\/cms\/wp-content\/uploads\/2015\/05\/panorama-4-238x238.jpg 238w, https:\/\/www.tinosecolodge.gr\/cms\/wp-content\/uploads\/2015\/05\/panorama-4-56x56.jpg 56w, https:\/\/www.tinosecolodge.gr\/cms\/wp-content\/uploads\/2015\/05\/panorama-4-112x112.jpg 112w\" sizes=\"auto, (max-width: 350px) 100vw, 350px\" \/><\/a><\/figure><\/li><li class=\"col-1-4\"><figure class=\"full-width\"><a class=\"zoom-hover fb\" data-fancybox-group=\"gallery-1\" data-fancybox-title=\"\" href=\"https:\/\/www.tinosecolodge.gr\/cms\/wp-content\/uploads\/2015\/05\/panorama-bighouse-8.jpg\"><img loading=\"lazy\" decoding=\"async\" width=\"350\" height=\"350\" src=\"https:\/\/www.tinosecolodge.gr\/cms\/wp-content\/uploads\/2015\/05\/panorama-bighouse-8-350x350.jpg\" class=\"attachment-thumbnail size-thumbnail\" alt=\"\" srcset=\"https:\/\/www.tinosecolodge.gr\/cms\/wp-content\/uploads\/2015\/05\/panorama-bighouse-8-350x350.jpg 350w, https:\/\/www.tinosecolodge.gr\/cms\/wp-content\/uploads\/2015\/05\/panorama-bighouse-8-238x238.jpg 238w, https:\/\/www.tinosecolodge.gr\/cms\/wp-content\/uploads\/2015\/05\/panorama-bighouse-8-56x56.jpg 56w, https:\/\/www.tinosecolodge.gr\/cms\/wp-content\/uploads\/2015\/05\/panorama-bighouse-8-112x112.jpg 112w\" sizes=\"auto, (max-width: 350px) 100vw, 350px\" \/><\/a><\/figure><\/li><li class=\"col-1-4\"><figure class=\"full-width\"><a class=\"zoom-hover fb\" data-fancybox-group=\"gallery-1\" data-fancybox-title=\"\" href=\"https:\/\/www.tinosecolodge.gr\/cms\/wp-content\/uploads\/2015\/05\/963a0505_original.jpg\"><img loading=\"lazy\" decoding=\"async\" width=\"350\" height=\"350\" src=\"https:\/\/www.tinosecolodge.gr\/cms\/wp-content\/uploads\/2015\/05\/963a0505_original-350x350.jpg\" class=\"attachment-thumbnail size-thumbnail\" alt=\"\" srcset=\"https:\/\/www.tinosecolodge.gr\/cms\/wp-content\/uploads\/2015\/05\/963a0505_original-350x350.jpg 350w, https:\/\/www.tinosecolodge.gr\/cms\/wp-content\/uploads\/2015\/05\/963a0505_original-238x238.jpg 238w, https:\/\/www.tinosecolodge.gr\/cms\/wp-content\/uploads\/2015\/05\/963a0505_original-56x56.jpg 56w, https:\/\/www.tinosecolodge.gr\/cms\/wp-content\/uploads\/2015\/05\/963a0505_original-476x476.jpg 476w, https:\/\/www.tinosecolodge.gr\/cms\/wp-content\/uploads\/2015\/05\/963a0505_original-112x112.jpg 112w\" sizes=\"auto, (max-width: 350px) 100vw, 350px\" \/><\/a><\/figure><\/li><li class=\"col-1-4\"><figure class=\"full-width\"><a class=\"zoom-hover fb\" data-fancybox-group=\"gallery-1\" data-fancybox-title=\"\" href=\"https:\/\/www.tinosecolodge.gr\/cms\/wp-content\/uploads\/2015\/04\/big_house_12.jpg\"><img loading=\"lazy\" decoding=\"async\" width=\"350\" height=\"350\" src=\"https:\/\/www.tinosecolodge.gr\/cms\/wp-content\/uploads\/2015\/04\/big_house_12-350x350.jpg\" class=\"attachment-thumbnail size-thumbnail\" alt=\"\" srcset=\"https:\/\/www.tinosecolodge.gr\/cms\/wp-content\/uploads\/2015\/04\/big_house_12-350x350.jpg 350w, https:\/\/www.tinosecolodge.gr\/cms\/wp-content\/uploads\/2015\/04\/big_house_12-238x238.jpg 238w, https:\/\/www.tinosecolodge.gr\/cms\/wp-content\/uploads\/2015\/04\/big_house_12-56x56.jpg 56w, https:\/\/www.tinosecolodge.gr\/cms\/wp-content\/uploads\/2015\/04\/big_house_12-476x476.jpg 476w, https:\/\/www.tinosecolodge.gr\/cms\/wp-content\/uploads\/2015\/04\/big_house_12-112x112.jpg 112w\" sizes=\"auto, (max-width: 350px) 100vw, 350px\" \/><\/a><\/figure><\/li><li class=\"col-1-4\"><figure class=\"full-width\"><a class=\"zoom-hover fb\" data-fancybox-group=\"gallery-1\" data-fancybox-title=\"\" href=\"https:\/\/www.tinosecolodge.gr\/cms\/wp-content\/uploads\/2015\/04\/big_house_13.jpg\"><img loading=\"lazy\" decoding=\"async\" width=\"350\" height=\"350\" src=\"https:\/\/www.tinosecolodge.gr\/cms\/wp-content\/uploads\/2015\/04\/big_house_13-350x350.jpg\" class=\"attachment-thumbnail size-thumbnail\" alt=\"\" srcset=\"https:\/\/www.tinosecolodge.gr\/cms\/wp-content\/uploads\/2015\/04\/big_house_13-350x350.jpg 350w, https:\/\/www.tinosecolodge.gr\/cms\/wp-content\/uploads\/2015\/04\/big_house_13-238x238.jpg 238w, https:\/\/www.tinosecolodge.gr\/cms\/wp-content\/uploads\/2015\/04\/big_house_13-56x56.jpg 56w, https:\/\/www.tinosecolodge.gr\/cms\/wp-content\/uploads\/2015\/04\/big_house_13-476x476.jpg 476w, https:\/\/www.tinosecolodge.gr\/cms\/wp-content\/uploads\/2015\/04\/big_house_13-112x112.jpg 112w\" sizes=\"auto, (max-width: 350px) 100vw, 350px\" \/><\/a><\/figure><\/li><li class=\"col-1-4\"><figure class=\"full-width\"><a class=\"zoom-hover fb\" data-fancybox-group=\"gallery-1\" data-fancybox-title=\"\" href=\"https:\/\/www.tinosecolodge.gr\/cms\/wp-content\/uploads\/2015\/05\/Banner-03.jpg\"><img loading=\"lazy\" decoding=\"async\" width=\"350\" height=\"350\" src=\"https:\/\/www.tinosecolodge.gr\/cms\/wp-content\/uploads\/2015\/05\/Banner-03-350x350.jpg\" class=\"attachment-thumbnail size-thumbnail\" alt=\"\" srcset=\"https:\/\/www.tinosecolodge.gr\/cms\/wp-content\/uploads\/2015\/05\/Banner-03-350x350.jpg 350w, https:\/\/www.tinosecolodge.gr\/cms\/wp-content\/uploads\/2015\/05\/Banner-03-238x238.jpg 238w, https:\/\/www.tinosecolodge.gr\/cms\/wp-content\/uploads\/2015\/05\/Banner-03-56x56.jpg 56w, https:\/\/www.tinosecolodge.gr\/cms\/wp-content\/uploads\/2015\/05\/Banner-03-112x112.jpg 112w\" sizes=\"auto, (max-width: 350px) 100vw, 350px\" \/><\/a><\/figure><\/li><li class=\"col-1-4\"><figure class=\"full-width\"><a class=\"zoom-hover fb\" data-fancybox-group=\"gallery-1\" data-fancybox-title=\"\" href=\"https:\/\/www.tinosecolodge.gr\/cms\/wp-content\/uploads\/2015\/05\/spring_plot2small-e1431677293626.jpg\"><img loading=\"lazy\" decoding=\"async\" width=\"350\" height=\"350\" src=\"https:\/\/www.tinosecolodge.gr\/cms\/wp-content\/uploads\/2015\/05\/spring_plot2small-e1431677293626-350x350.jpg\" class=\"attachment-thumbnail size-thumbnail\" alt=\"\" srcset=\"https:\/\/www.tinosecolodge.gr\/cms\/wp-content\/uploads\/2015\/05\/spring_plot2small-e1431677293626-350x350.jpg 350w, https:\/\/www.tinosecolodge.gr\/cms\/wp-content\/uploads\/2015\/05\/spring_plot2small-e1431677293626-238x238.jpg 238w, https:\/\/www.tinosecolodge.gr\/cms\/wp-content\/uploads\/2015\/05\/spring_plot2small-e1431677293626-56x56.jpg 56w, https:\/\/www.tinosecolodge.gr\/cms\/wp-content\/uploads\/2015\/05\/spring_plot2small-e1431677293626-476x476.jpg 476w, https:\/\/www.tinosecolodge.gr\/cms\/wp-content\/uploads\/2015\/05\/spring_plot2small-e1431677293626-112x112.jpg 112w\" sizes=\"auto, (max-width: 350px) 100vw, 350px\" \/><\/a><\/figure><\/li><li class=\"col-1-4\"><figure class=\"full-width\"><a class=\"zoom-hover fb\" data-fancybox-group=\"gallery-1\" data-fancybox-title=\"\" href=\"https:\/\/www.tinosecolodge.gr\/cms\/wp-content\/uploads\/2015\/05\/Banner-02.jpg\"><img loading=\"lazy\" decoding=\"async\" width=\"350\" height=\"350\" src=\"https:\/\/www.tinosecolodge.gr\/cms\/wp-content\/uploads\/2015\/05\/Banner-02-350x350.jpg\" class=\"attachment-thumbnail size-thumbnail\" alt=\"\" srcset=\"https:\/\/www.tinosecolodge.gr\/cms\/wp-content\/uploads\/2015\/05\/Banner-02-350x350.jpg 350w, https:\/\/www.tinosecolodge.gr\/cms\/wp-content\/uploads\/2015\/05\/Banner-02-238x238.jpg 238w, https:\/\/www.tinosecolodge.gr\/cms\/wp-content\/uploads\/2015\/05\/Banner-02-56x56.jpg 56w, https:\/\/www.tinosecolodge.gr\/cms\/wp-content\/uploads\/2015\/05\/Banner-02-112x112.jpg 112w\" sizes=\"auto, (max-width: 350px) 100vw, 350px\" \/><\/a><\/figure><\/li><\/ul><\/div>\n<p>[\/vc_column_text][\/vc_column][\/vc_row][vc_row][vc_column][vc_gmaps link=&#8220;#E-8_JTNDaWZyYW1lJTIwc3JjJTNEJTIyaHR0cHMlM0ElMkYlMkZ3d3cuZ29vZ2xlLmNvbSUyRm1hcHMlMkZkJTJGZW1iZWQlM0ZtaWQlM0R6b2ZuQ2g3dFVwXzAuazFiWkt6Mkt1YktnJTIyJTIwd2lkdGglM0QlMjI4MDAlMjIlMjBoZWlnaHQlM0QlMjIzNTAlMjIlM0UlM0MlMkZpZnJhbWUlM0U=&#8220; size=&#8220;470&#8243;][\/vc_column][\/vc_row][vc_row][vc_column][vc_empty_space height=&#8220;150px&#8220;][\/vc_column][\/vc_row][vc_row][vc_column][vc_column_text]<br \/>\n[\/vc_column_text][\/vc_column][\/vc_row][vc_row][vc_column][vc_column_text]<br \/>\n[\/vc_column_text][\/vc_column][\/vc_row][vc_row][vc_column][vc_column_text]<br \/>\n[\/vc_column_text][\/vc_column][\/vc_row][vc_row][vc_column][vc_column_text]<br \/>\n[\/vc_column_text][\/vc_column][\/vc_row]<\/p>\n<\/div>","protected":false},"excerpt":{"rendered":"<p>[vc_row][vc_column][vc_column_text] Anfahrt [\/vc_column_text][vc_column_text] Tinos \/ Akeratos \/ Potamia \/ Steni \/ Eco Lodge Nach Tinos zu kommen ist eigentlich recht einfach. Der schnellste Weg ist wohl mit dem Flugzeug zur Nachbarinsel Mykonos und von dort mit der F\u00e4hre in einer halben Stunde nach Tinos. Allerdings wird Mykonos \u00fcberwiegend im Sommer angeflogen. Wenn ihr nach Athen [&hellip;] <a href=\"https:\/\/www.tinosecolodge.gr\/de\/lage\/\" class=\"more-link\">read more<span class=\"icon-right-open-big\"><\/span><\/a><\/p>\n","protected":false},"author":1,"featured_media":0,"parent":0,"menu_order":0,"comment_status":"closed","ping_status":"closed","template":"tpl-special-9.php","meta":{"_acf_changed":false,"footnotes":""},"class_list":["post-1309","page","type-page","status-publish","hentry"],"acf":[],"_links":{"self":[{"href":"https:\/\/www.tinosecolodge.gr\/de\/wp-json\/wp\/v2\/pages\/1309","targetHints":{"allow":["GET"]}}],"collection":[{"href":"https:\/\/www.tinosecolodge.gr\/de\/wp-json\/wp\/v2\/pages"}],"about":[{"href":"https:\/\/www.tinosecolodge.gr\/de\/wp-json\/wp\/v2\/types\/page"}],"author":[{"embeddable":true,"href":"https:\/\/www.tinosecolodge.gr\/de\/wp-json\/wp\/v2\/users\/1"}],"replies":[{"embeddable":true,"href":"https:\/\/www.tinosecolodge.gr\/de\/wp-json\/wp\/v2\/comments?post=1309"}],"version-history":[{"count":19,"href":"https:\/\/www.tinosecolodge.gr\/de\/wp-json\/wp\/v2\/pages\/1309\/revisions"}],"predecessor-version":[{"id":2033,"href":"https:\/\/www.tinosecolodge.gr\/de\/wp-json\/wp\/v2\/pages\/1309\/revisions\/2033"}],"wp:attachment":[{"href":"https:\/\/www.tinosecolodge.gr\/de\/wp-json\/wp\/v2\/media?parent=1309"}],"curies":[{"name":"wp","href":"https:\/\/api.w.org\/{rel}","templated":true}]}}