{"id":1356,"date":"2015-04-30T16:17:38","date_gmt":"2015-04-30T14:17:38","guid":{"rendered":"http:\/\/www.tinosecolodge.gr\/de\/eco-concept\/"},"modified":"2024-07-02T16:19:49","modified_gmt":"2024-07-02T14:19:49","slug":"oekokonzept","status":"publish","type":"page","link":"https:\/\/www.tinosecolodge.gr\/de\/oekokonzept\/","title":{"rendered":"\u00d6kokonzept"},"content":{"rendered":"<div class=\"wpb-content-wrapper\"><p>[vc_row full_width=&#8220;stretch_row&#8220; css=&#8220;.vc_custom_1434117929207{margin-top: 0px !important;padding-top: 0px !important;padding-bottom: 0px !important;background-color: #d8e2c5 !important;}&#8220; el_class=&#8220;overflowbg&#8220;][vc_column][vc_column_text css=&#8220;.vc_custom_1439377094598{margin-top: 0px !important;margin-bottom: 20px !important;padding-top: 0px !important;}&#8220;]<\/p>\n<h1>\u00d6KOKONZEPT<\/h1>\n<h4>Um in einem Haushalt\u00a0den\u00a0grundlegenden Infrastrukturbedarf decken zu k\u00f6nnen, neigen wir dazu, zentralisierte Netze f\u00fcr <strong>Strom<\/strong>, <strong>Wasser<\/strong>, <strong>Abfall<\/strong> und <strong>Abwasser<\/strong> zu verwenden. Dieser zentralisierte Ansatz scheint in dicht besiedelten Gebieten, die sich durch kurze Strecken auszeichnen, besser geeignet zu sein.<\/h4>\n<p>[\/vc_column_text][vc_column_text css=&#8220;.vc_custom_1439377213049{margin-bottom: 20px !important;}&#8220;]<\/p>\n<h4>Das Grundst\u00fcck des Eco Lodge Projektes ist weit weg von dieser Art von Versorgungsnetzen. Aufgrund dieser abgeschiedenen Lage bestand die Notwendigkeit\u00a0L\u00f6sungen zu finden ohne an eine bestehendes Versorgungsnetz angeschlossen zu sein. Zum anderen glauben wir, dass unter den genannten Umst\u00e4nden einen<strong> besseren<\/strong>, <strong>saubereren<\/strong>, <strong>kosteng\u00fcnstigeren<\/strong> und <strong>nachhaltigeren\u00a0Ablauf<\/strong> gew\u00e4hrleisten k\u00f6nnen.<\/h4>\n<p>[\/vc_column_text][vc_column_text css=&#8220;.vc_custom_1439377292548{padding-top: 15px !important;padding-right: 25px !important;padding-bottom: 15px !important;padding-left: 25px !important;background-color: #9cb500 !important;}&#8220; el_class=&#8220;txtwhite&#8220;]Folgenden Dinge haben wir\u00a0in die Tat umgesetzt: Regenwassergewinnung, Regenwasserspeicher, Regenwasserfilteranlagen, Abwasseraufbereitung mittels Pflanzenkl\u00e4ranlage, KomContentierung von\u00a0Feststoffen im Abwasser,\u00a0nat\u00fcrliches Lichtdesign und Stromversorgung mit\u00a0Solarthermie.[\/vc_column_text][vc_column_text]<\/p>\n<h2 style=\"text-align: center;\">Alle diese verschiedenen Dinge kommen zusammen, um eine nachhaltige Infrastruktur f\u00fcr modernes Wohnen zu schaffen.<\/h2>\n<p style=\"text-align: center;\"><i class=\"icon-down-open-big\" style=\"font-size: 32px;\"><\/i><\/p>\n<p>[\/vc_column_text][\/vc_column][\/vc_row][vc_row el_class=&#8220;subtext&#8220; css=&#8220;.vc_custom_1431180500070{padding-top: 30px !important;}&#8220;][vc_column width=&#8220;5\/6&#8243;][vc_column_text]<\/p>\n<figure id=\"attachment_167\" class=\"alignleft fixed\" style=\"width: 133px;\">\n<div class=\"\"><img loading=\"lazy\" decoding=\"async\" class=\" size-full wp-image-167 \" src=\"http:\/\/www.tinosecolodge.gr\/cms\/wp-content\/uploads\/2015\/04\/ecoh2.png\" alt=\"ecoh2\" width=\"133\" height=\"133\" srcset=\"https:\/\/www.tinosecolodge.gr\/cms\/wp-content\/uploads\/2015\/04\/ecoh2.png 133w, https:\/\/www.tinosecolodge.gr\/cms\/wp-content\/uploads\/2015\/04\/ecoh2-60x60.png 60w, https:\/\/www.tinosecolodge.gr\/cms\/wp-content\/uploads\/2015\/04\/ecoh2-56x56.png 56w, https:\/\/www.tinosecolodge.gr\/cms\/wp-content\/uploads\/2015\/04\/ecoh2-112x112.png 112w\" sizes=\"auto, (max-width: 133px) 100vw, 133px\" \/><\/div>\n<\/figure>\n<h2><a name=\"no1\"><\/a>Elektrische Energie<\/h2>\n<p>Zu Beginn des Projektes standen wir vor der Entscheidung, ob wir das Grundst\u00fcck an das \u00f6ffentliche Stromnetz anschlie\u00dfen lassen oder ob wir ein unabh\u00e4ngiges System aus Photovoltaikanlage und Windgenerator entwerfen.<\/p>\n<p>Die erste Wahl h\u00e4tte bedeutet, dass wir der griechischen Energiegesellschaft (DEH) den Bau\u00a0f\u00fcr\u00a0oberirdisch verlegte Stromleitungen vom n\u00e4chstgelegenen Dorf zum Grundst\u00fcck bezahlen. Unter Ber\u00fccksichtigung der Kosten und der negativen Auswirkungen f\u00fcr die Landschaft sowie der M\u00f6glichkeit von Stromausf\u00e4llen und der generellen Probleme von Energiegewinnung aus\u00a0fossilen Brennstoffen haben wir uns f\u00fcr die autonome L\u00f6sung entschieden.\u00a0[\/vc_column_text][\/vc_column][vc_column width=&#8220;1\/6&#8243;][\/vc_column][\/vc_row][vc_row el_class=&#8220;subtext&#8220; css=&#8220;.vc_custom_1431181946200{padding-bottom: 30px !important;}&#8220;][vc_column width=&#8220;5\/6&#8243;][vc_column_text]Also haben wir den zu erwartenden Energieverbrauch durch alle elektronischen Ger\u00e4te auf unserem Grundst\u00fcck berechnet. Diese Berechnungen ergaben einen Bedarf von 1,5-2 kW in der Leistungsspitze der Photovoltaikanlage in Erg\u00e4nzung eines kleinen Windgenerators (100cm Durchmesser) von 400 W. Die Kombination aus zwei verschiedenen Energiequellen scheint f\u00fcr unsere Zwecke ideal, da sowohl die Windst\u00e4rke als auch die Sonnenstrahlung \u00fcber das Jahr stark variieren. W\u00e4hrend der Sommermonate hat die Photovoltaikanlage eine maximale Produktionsrate w\u00e4hrend die Windgeschwindigkeit generell niedrig ist, wohingegen zum Winter die Sonnenstrahlung nachl\u00e4sst und die Windst\u00e4rke steigt. F\u00fcr Zeiten mit wenig Energiegewinnung haben wir einen Batteriespeicher mit 1600 Ah und 12 V vorgesehen, der die Eco Lodge zwei Tage mit Energie versorgen kann. Wenn dar\u00fcber hinaus ein gr\u00f6\u00dferer Energiebedarf besteht, z.B. w\u00e4hrend weiterer Bauprojekte, gibt es einen 7 kW Diesel Generator, der au\u00dferdem eine\u00a0Sicherheit im Falle eines Ausfalls des Systems darstellt. Die Gesamtkosten inklusive der Installation liegen bei etwa\u00a013 000 \u20ac. [\/vc_column_text][\/vc_column][vc_column width=&#8220;1\/6&#8243;][\/vc_column][\/vc_row][vc_row full_width=&#8220;stretch_row&#8220; css=&#8220;.vc_custom_1431181308247{margin-top: 0px !important;margin-bottom: 0px !important;padding-bottom: 40px !important;background-color: #bbd1e5 !important;}&#8220;][vc_column width=&#8220;5\/6&#8243;][vc_column_text el_class=&#8220;subtext&#8220;]<\/p>\n<figure id=\"attachment_308\" class=\"alignleft fixed\" style=\"width: 133px;\">\n<div class=\"\"><img loading=\"lazy\" decoding=\"async\" class=\" size-full wp-image-308\" src=\"http:\/\/www.tinosecolodge.gr\/cms\/wp-content\/uploads\/2015\/04\/ecoh1-clear.png\" alt=\"ecoh1-clear\" width=\"133\" height=\"133\" srcset=\"https:\/\/www.tinosecolodge.gr\/cms\/wp-content\/uploads\/2015\/04\/ecoh1-clear.png 133w, https:\/\/www.tinosecolodge.gr\/cms\/wp-content\/uploads\/2015\/04\/ecoh1-clear-60x60.png 60w, https:\/\/www.tinosecolodge.gr\/cms\/wp-content\/uploads\/2015\/04\/ecoh1-clear-56x56.png 56w, https:\/\/www.tinosecolodge.gr\/cms\/wp-content\/uploads\/2015\/04\/ecoh1-clear-112x112.png 112w\" sizes=\"auto, (max-width: 133px) 100vw, 133px\" \/><\/div>\n<\/figure>\n<h2><a name=\"no2\"><\/a>Wasser<\/h2>\n<p>Wie die meisten kykladischen Inseln hat auch Tinos einen durchschnittlichen Jahresniederschlag von ungef\u00e4hr 400mm, damit z\u00e4hlt Wasser auf Tinos zu einer knappen Ressource. Daher haben wir viel Zeit in die\u00a0Planung und den Entwurf eines Wassersystems investiert. Das Ziel war es ein System zu entwerfen, dass w\u00e4hrend der Niederschlagsmonate genug Regenwasser sammeln und speichern kann,\u00a0um\u00a06-8 Menschen\u00a0\u00fcber vier trockene Sommermonate hinweg versorgen zu k\u00f6nnen.<\/p>\n<p>F\u00fcr die Berechnung der Fl\u00e4chen, die f\u00fcr das Sammeln des\u00a0Regenwassers notwendig sind und die Berechnung der Regenwasserzisterne haben wir detaillierte Berechnungen f\u00fcr den Wasserbrauch der Besucher angestellt.<\/p>\n<p>Es ergab sich eine Fl\u00e4che von 240 m\u00b2 harten Untergrunds, um etwa 100.000 Liter Regenwasser f\u00fcr 6-8 Menschen und die Gartenbew\u00e4sserung zu speichern. [\/vc_column_text][vc_accordion active_tab=&#8220;false&#8220; collapsible=&#8220;yes&#8220; el_class=&#8220;subtext&#8220;][vc_accordion_tab title=&#8220;Analyse des Wassersystems&#8220;][vc_column_text]Wir haben damit angefangen unseren potentiellen Wasserbedarf zu berechnen indem wir den durchschnittlichen Wasserbrauchs eines Europ\u00e4ers von 160 Litern am Tag als Ausgangspunkt zugrunde gelegt haben. Es wurde schnell deutlich, dass wir nicht in der Lage sein w\u00fcrden einen solchen Wasserbedarf zu decken. Bei einem Blick auf die Verbrauchswerte wird schnell deutlich, dass\u00a0die Toilettensp\u00fclung f\u00fcr den gr\u00f6\u00dften Verbrauch verantwortlich ist.<\/p>\n<p>Die beste M\u00f6glichkeit Wasser zu sparen ist also eine Trockentoilette, die g\u00e4nzlich ohne Sp\u00fclung auskommt. Letztendlich haben wir uns aus folgenden Gr\u00fcnden dagegen entschieden:<\/p>\n\n<ul class=\"fancy\">\n<li><i class=\"icon-minus\" style=\"color: #ffffff;\"><\/i>wir m\u00fcssen das Grauwasser aus der K\u00fcche und der Dusche ohnehin kl\u00e4ren<\/li>\n<li><i class=\"icon-minus\" style=\"color: #ffffff;\"><\/i>f\u00fcr den\u00a0Kompostbeh\u00e4lter unterhalb der Toilette w\u00e4re eine Art Unterkellerung notwendig gewesen<\/li>\n<li><i class=\"icon-minus\" style=\"color: #ffffff;\"><\/i>wir h\u00e4tten ein weiteres Objekt warten m\u00fcssen<\/li>\n<li><i class=\"icon-minus\" style=\"color: #ffffff;\"><\/i>den Nutzern h\u00e4tte die korrekte Nutzungsweise erkl\u00e4rt werden m\u00fcssen<\/li>\n<\/ul>\n\n<p>Da wir die Komposttoiletten bzw. Trockentoiletten insbesondere f\u00fcr die H\u00e4user nicht so passend fanden, haben wir uns schlie\u00dflich f\u00fcr eine herk\u00f6mmliche Toilette mit extrem sparsamer Sp\u00fclung (2,5l\/4l), was allerdings nicht leicht war zu finden. Selbst moderne Modelle verbrauchen i.d.R. 4-6 Liter.<\/p>\n<p>In an &#8222;off grid&#8220; sewage system you have to treat the sewage water on your land in order to extract the pollution. There is a vast number of premanufactured products on the market that can do the job. For us most of them had drawbacks such as:<\/p>\n\n<ul class=\"fancy\">\n<li><i class=\"icon-minus\" style=\"color: #ffffff;\"><\/i>fairly high consumption of electricity need for constant usage<\/li>\n<li><i class=\"icon-minus\" style=\"color: #ffffff;\"><\/i>high maintenance that can only be done by a technician<\/li>\n<li><i class=\"icon-minus\" style=\"color: #ffffff;\"><\/i>proprietary sophisticated equipment<\/li>\n<li><i class=\"icon-minus\" style=\"color: #ffffff;\"><\/i>most of them need to be cleaned out<\/li>\n<li><i class=\"icon-minus\" style=\"color: #ffffff;\"><\/i>most of the treated water is still not sufficiently purified to reuse for garden irrigation<\/li>\n<\/ul>\n\n<p>For all the above reasons we went for a <strong>reed-bed filtration plant<\/strong>. The advantages of this system are that you can construct it in a DIY approach, it is very robust in coping with usage fluctuation, it requieres very few electronic components and it can be designed to be a beautiful part of the garden. Furthermore the purification power is so high it is one of the few systems that allow you to reuse the treated water.<\/p>\n<p>&nbsp;<\/p>\n<figure id=\"attachment_288\" class=\"aligncenter\" style=\"width: 1024px;\"><a class=\"zoom-hover fb\" data-fancybox-group=\"post-1356\" data-fancybox-title=\"\" href=\"http:\/\/www.tinosecolodge.gr\/cms\/wp-content\/uploads\/2015\/04\/system.jpg\"><img loading=\"lazy\" decoding=\"async\" class=\" size-large wp-image-288\" src=\"http:\/\/www.tinosecolodge.gr\/cms\/wp-content\/uploads\/2015\/04\/system-1024x659.jpg\" alt=\"system\" width=\"1024\" height=\"659\" \/><\/a><\/figure>\n<p>[\/vc_column_text][\/vc_accordion_tab][\/vc_accordion][\/vc_column][vc_column width=&#8220;1\/6&#8243;][\/vc_column][\/vc_row][vc_row full_width=&#8220;stretch_row&#8220; css=&#8220;.vc_custom_1431504425784{margin-top: 0px !important;margin-bottom: 0px !important;padding-bottom: 80px !important;background-color: #fccb00 !important;}&#8220;][vc_column width=&#8220;5\/6&#8243;][vc_column_text el_class=&#8220;subtext&#8220;]<\/p>\n<figure id=\"attachment_303\" class=\"alignleft fixed\" style=\"width: 133px;\">\n<div class=\"\"><img loading=\"lazy\" decoding=\"async\" class=\" size-full wp-image-303\" src=\"http:\/\/www.tinosecolodge.gr\/cms\/wp-content\/uploads\/2015\/04\/ecoh3-clear.png\" alt=\"ecoh3-clear\" width=\"133\" height=\"133\" srcset=\"https:\/\/www.tinosecolodge.gr\/cms\/wp-content\/uploads\/2015\/04\/ecoh3-clear.png 133w, https:\/\/www.tinosecolodge.gr\/cms\/wp-content\/uploads\/2015\/04\/ecoh3-clear-60x60.png 60w, https:\/\/www.tinosecolodge.gr\/cms\/wp-content\/uploads\/2015\/04\/ecoh3-clear-56x56.png 56w, https:\/\/www.tinosecolodge.gr\/cms\/wp-content\/uploads\/2015\/04\/ecoh3-clear-112x112.png 112w\" sizes=\"auto, (max-width: 133px) 100vw, 133px\" \/><\/div>\n<\/figure>\n<h2><a name=\"no3\"><\/a>Solarthermie\u00a0Design<\/h2>\n<p>Zu Beginn des Projektes hatten wir den Wunsch komplette Passivh\u00e4user zu entwerfen. Aufgrund von mangelnden Erfahrungen, aus Zeitgr\u00fcnden und reichlichen \u00dcberlegungen haben wir uns von diesen Gedanken verabschiedet. Allerdings haben wir uns w\u00e4hrend der ausgiebigen Planungsphase so intensiv mit dem Thema besch\u00e4ftigt, dass es uns m\u00f6glich war einige Grundprinzipien in unseren Entwurf der H\u00e4user zu integrieren.<\/p>\n<p>[masterslider id=&#8220;10&#8243;][\/vc_column_text][\/vc_column][vc_column width=&#8220;1\/6&#8243;][\/vc_column][\/vc_row][vc_row full_width=&#8220;stretch_row&#8220; css=&#8220;.vc_custom_1444833549037{margin-top: 0px !important;margin-bottom: 0px !important;padding-bottom: 20px !important;background-color: #ffde9e !important;}&#8220;][vc_column width=&#8220;5\/6&#8243;][vc_column_text el_class=&#8220;subtext&#8220; css=&#8220;.vc_custom_1444833314491{margin-bottom: 15px !important;}&#8220;]<\/p>\n<figure id=\"attachment_305\" class=\"alignleft fixed\" style=\"width: 133px;\">\n<div class=\"\"><img loading=\"lazy\" decoding=\"async\" class=\" size-full wp-image-305\" src=\"http:\/\/www.tinosecolodge.gr\/cms\/wp-content\/uploads\/2015\/04\/ecoh5-white.png\" alt=\"ecoh5-clear\" width=\"133\" height=\"133\" \/><\/div>\n<\/figure>\n<h2><a name=\"no4\"><\/a>Pflanzenkl\u00e4ranlage zur Abwasserbehandlung<\/h2>\n<p>Um die anfallenden Abw\u00e4sser zu kl\u00e4ren, haben wir uns f\u00fcr eine Pflanzenkl\u00e4ranlage entschieden. In der Praxis kommen \u00fcberwiegend\u00a0zwei unterschiedliche Systeme zum Einsatz, die ausgiebig beschrieben und dokumentiert sind; Bodenfilter mit vertikaler Flie\u00dfrichtung und mit horizontaler Flie\u00dfrichtung.\u00a0Wir haben uns f\u00fcr einen Bodenfilter mit vertikaler Flie\u00dfrichtung entschieden, weil sie eine bessere Reinigungsleistung erzielen und au\u00dferdem weniger Platz ben\u00f6tigen. Dar\u00fcber hinaus sind sie weniger anf\u00e4llig f\u00fcr das sogenannte soil-clogging (Verstopfung des Sandfilters). Als ein Richtwert f\u00fcr die Gr\u00f6\u00dfenberechnung haben wir 4-5m\u00b2 pro Bewohner zugrunde gelegt.\u00a0[\/vc_column_text][vc_accordion active_tab=&#8220;false&#8220; collapsible=&#8220;yes&#8220; el_class=&#8220;subtext&#8220;][vc_accordion_tab title=&#8220;Wasserreinigung&#8220;][vc_column_text]Das gekl\u00e4rte Abwasser hat bei optimaler Funktionsweise eine erstaunlich gute Qualit\u00e4t, dennoch haben wir uns entschieden es lediglich f\u00fcr die Toilettensp\u00fclungen weiter zu verwenden. Um allerdings gen\u00fcgend gekl\u00e4rtes Wasser f\u00fcr die Toilettensp\u00fclungen zu generieren mussten wir die Oberfl\u00e4che der Pflanzenkl\u00e4ranlage reduzieren, um die hohe Evapotranspiration (Verdunstung durch das Schilf und des Bodens) auf ein Minimum zu reduzieren. Ansonsten w\u00fcrde in unserer Klimaregion zu viel Wasser verdunsten.<br \/>\nUm die Gr\u00f6\u00dfe deutlich reduzieren zu k\u00f6nnen, haben wir ein System entworfen, bei dem\u00a0das Schwarzwasser (h\u00e4usliche Abw\u00e4sser mit Feststoffen) und das Grauwasser bereits in den H\u00e4usern getrennt wird. Dies bedeutet, dass die f\u00e4kalen Feststoffe sowie das Toilettenpapier aus dem Schwarzwasser heraus gefiltert werden bevor es in die Pflanzenkl\u00e4ranlage gelangt. Dies f\u00fchrt zu einer deutlichen Reduzierung der\u00a0Verschmutzung. Das Schwarzwasser hat somit einen Verschmutzungsgrad der dem des Grauwassers \u00e4hnelt, was eine Reduzierung der Pflanzenkl\u00e4ranlage um 40% erm\u00f6glicht und einen theoretischen Gewinn von 30% des gekl\u00e4rten Wassers bedeutet.<\/p>\n<p>Es gibt viele weitere Anpassungsdetails in unserem Entwurf, die eine einwandfreie Funktionsweise erst in der Praxis best\u00e4tigen m\u00fcssen. Wir werden zu einem sp\u00e4teren Zeitpunkt davon berichten.<\/p>\n<figure id=\"attachment_1947\" class=\"aligncenter\" style=\"width: 1024px;\">\n<div class=\"\"><img loading=\"lazy\" decoding=\"async\" class=\" size-large wp-image-1947\" src=\"http:\/\/www.tinosecolodge.gr\/cms\/wp-content\/uploads\/2015\/10\/P6300725-e1444832834232-1024x535.jpg\" alt=\"P6300725\" width=\"1024\" height=\"535\" \/><\/div>\n<\/figure>\n<p>Um die Feststoffe zu trennen verwenden wir das schwedische Produkt Aquatron. Die Feststoffe verbleiben in der jeweiligen Kammer f\u00fcr f\u00fcnf Monate und k\u00f6nnen anschlie\u00dfend als Komposterde entnommen werden. Diese ist im Garten jedoch nur f\u00fcr nicht essbare Pflanzen zu verwenden. Wenn die Feststoffe f\u00fcr 12 Monate kompostiert werden, k\u00f6nnen sie theoretisch auch f\u00fcr die Anzucht f\u00fcr essbaren Pflanzen zum Einsatz kommen. Durch die Trennung der Feststoffe konnten wir auch die Sedimentationstanks kleiner dimensionieren. [\/vc_column_text][\/vc_accordion_tab][\/vc_accordion][\/vc_column][vc_column width=&#8220;1\/6&#8243;][vc_column_text]<br \/>\n[\/vc_column_text][\/vc_column][\/vc_row][vc_row full_width=&#8220;stretch_row_content_no_spaces&#8220;][vc_column][vc_column_text css=&#8220;.vc_custom_1444833442085{margin-bottom: -40px !important;}&#8220;]<\/p>\n<figure id=\"attachment_1946\" class=\"aligncenter\" style=\"width: 1433px;\">\n<div class=\"\"><img loading=\"lazy\" decoding=\"async\" class=\" size-full wp-image-1946\" src=\"http:\/\/www.tinosecolodge.gr\/cms\/wp-content\/uploads\/2015\/10\/P8170985-e1444832752887.jpg\" alt=\"P8170985\" width=\"1433\" height=\"609\" srcset=\"https:\/\/www.tinosecolodge.gr\/cms\/wp-content\/uploads\/2015\/10\/P8170985-e1444832752887.jpg 1433w, https:\/\/www.tinosecolodge.gr\/cms\/wp-content\/uploads\/2015\/10\/P8170985-e1444832752887-500x212.jpg 500w, https:\/\/www.tinosecolodge.gr\/cms\/wp-content\/uploads\/2015\/10\/P8170985-e1444832752887-768x326.jpg 768w, https:\/\/www.tinosecolodge.gr\/cms\/wp-content\/uploads\/2015\/10\/P8170985-e1444832752887-141x60.jpg 141w, https:\/\/www.tinosecolodge.gr\/cms\/wp-content\/uploads\/2015\/10\/P8170985-e1444832752887-56x24.jpg 56w, https:\/\/www.tinosecolodge.gr\/cms\/wp-content\/uploads\/2015\/10\/P8170985-e1444832752887-1090x463.jpg 1090w, https:\/\/www.tinosecolodge.gr\/cms\/wp-content\/uploads\/2015\/10\/P8170985-e1444832752887-535x227.jpg 535w, https:\/\/www.tinosecolodge.gr\/cms\/wp-content\/uploads\/2015\/10\/P8170985-e1444832752887-350x149.jpg 350w, https:\/\/www.tinosecolodge.gr\/cms\/wp-content\/uploads\/2015\/10\/P8170985-e1444832752887-258x110.jpg 258w, https:\/\/www.tinosecolodge.gr\/cms\/wp-content\/uploads\/2015\/10\/P8170985-e1444832752887-1150x489.jpg 1150w, https:\/\/www.tinosecolodge.gr\/cms\/wp-content\/uploads\/2015\/10\/P8170985-e1444832752887-112x48.jpg 112w\" sizes=\"auto, (max-width: 1433px) 100vw, 1433px\" \/><\/div>\n<\/figure>\n<p>&nbsp;<\/p>\n<p>&nbsp;<\/p>\n<p>&nbsp;<\/p>\n<p>&nbsp;<\/p>\n<p>&nbsp;<\/p>\n<p>[\/vc_column_text][\/vc_column][\/vc_row]<\/p>\n<\/div>","protected":false},"excerpt":{"rendered":"<p>[vc_row full_width=&#8220;stretch_row&#8220; css=&#8220;.vc_custom_1434117929207{margin-top: 0px !important;padding-top: 0px !important;padding-bottom: 0px !important;background-color: #d8e2c5 !important;}&#8220; el_class=&#8220;overflowbg&#8220;][vc_column][vc_column_text css=&#8220;.vc_custom_1439377094598{margin-top: 0px !important;margin-bottom: 20px !important;padding-top: 0px !important;}&#8220;] \u00d6KOKONZEPT Um in einem Haushalt\u00a0den\u00a0grundlegenden Infrastrukturbedarf decken zu k\u00f6nnen, neigen wir dazu, zentralisierte Netze f\u00fcr Strom, Wasser, Abfall und Abwasser zu verwenden. Dieser zentralisierte Ansatz scheint in dicht besiedelten Gebieten, die sich durch kurze Strecken auszeichnen, [&hellip;] <a href=\"https:\/\/www.tinosecolodge.gr\/de\/oekokonzept\/\" class=\"more-link\">read more<span class=\"icon-right-open-big\"><\/span><\/a><\/p>\n","protected":false},"author":1,"featured_media":0,"parent":0,"menu_order":0,"comment_status":"closed","ping_status":"closed","template":"tpl-special-9.php","meta":{"_acf_changed":false,"footnotes":""},"class_list":["post-1356","page","type-page","status-publish","hentry"],"acf":[],"_links":{"self":[{"href":"https:\/\/www.tinosecolodge.gr\/de\/wp-json\/wp\/v2\/pages\/1356","targetHints":{"allow":["GET"]}}],"collection":[{"href":"https:\/\/www.tinosecolodge.gr\/de\/wp-json\/wp\/v2\/pages"}],"about":[{"href":"https:\/\/www.tinosecolodge.gr\/de\/wp-json\/wp\/v2\/types\/page"}],"author":[{"embeddable":true,"href":"https:\/\/www.tinosecolodge.gr\/de\/wp-json\/wp\/v2\/users\/1"}],"replies":[{"embeddable":true,"href":"https:\/\/www.tinosecolodge.gr\/de\/wp-json\/wp\/v2\/comments?post=1356"}],"version-history":[{"count":21,"href":"https:\/\/www.tinosecolodge.gr\/de\/wp-json\/wp\/v2\/pages\/1356\/revisions"}],"predecessor-version":[{"id":10945,"href":"https:\/\/www.tinosecolodge.gr\/de\/wp-json\/wp\/v2\/pages\/1356\/revisions\/10945"}],"wp:attachment":[{"href":"https:\/\/www.tinosecolodge.gr\/de\/wp-json\/wp\/v2\/media?parent=1356"}],"curies":[{"name":"wp","href":"https:\/\/api.w.org\/{rel}","templated":true}]}}