{"id":1359,"date":"2015-05-20T16:32:04","date_gmt":"2015-05-20T14:32:04","guid":{"rendered":"http:\/\/www.tinosecolodge.gr\/de\/the-lodges\/"},"modified":"2022-04-08T12:06:04","modified_gmt":"2022-04-08T10:06:04","slug":"die-unterkuenfte","status":"publish","type":"page","link":"https:\/\/www.tinosecolodge.gr\/de\/die-unterkuenfte\/","title":{"rendered":"Die Unterk\u00fcnfte"},"content":{"rendered":"<div class=\"wpb-content-wrapper\"><p>[vc_row][vc_column][vc_column_text css=&#8220;.vc_custom_1649411971051{margin-bottom: 2em !important;}&#8220;]<\/p>\n<h1>DIE UNTERK\u00dcNFTE<\/h1>\n<p>[\/vc_column_text][vc_row_inner el_class=&#8220;housesdiv&#8220;][vc_column_inner width=&#8220;1\/3&#8243;][vc_column_text el_class=&#8220;subtext&#8220;]<\/p>\n<figure id=\"attachment_4740\" class=\"aligncenter\" style=\"width: 500px;\"><a class=\"zoom-hover fb\" data-fancybox-group=\"post-1359\" data-fancybox-title=\"\" href=\"https:\/\/www.tinosecolodge.gr\/de\/die-unterkuenfte\/das-grosse-steinhaus\/\"><img loading=\"lazy\" decoding=\"async\" class=\" wp-image-4740 size-medium\" src=\"http:\/\/www.tinosecolodge.gr\/cms\/wp-content\/uploads\/2017\/01\/Fred-Hermman_Tinos-EcoLodge-1-e1518591559181-500x322.jpg\" alt=\"\" width=\"500\" height=\"322\" srcset=\"https:\/\/www.tinosecolodge.gr\/cms\/wp-content\/uploads\/2017\/01\/Fred-Hermman_Tinos-EcoLodge-1-e1518591559181-500x322.jpg 500w, https:\/\/www.tinosecolodge.gr\/cms\/wp-content\/uploads\/2017\/01\/Fred-Hermman_Tinos-EcoLodge-1-e1518591559181-93x60.jpg 93w, https:\/\/www.tinosecolodge.gr\/cms\/wp-content\/uploads\/2017\/01\/Fred-Hermman_Tinos-EcoLodge-1-e1518591559181-56x36.jpg 56w, https:\/\/www.tinosecolodge.gr\/cms\/wp-content\/uploads\/2017\/01\/Fred-Hermman_Tinos-EcoLodge-1-e1518591559181-535x344.jpg 535w, https:\/\/www.tinosecolodge.gr\/cms\/wp-content\/uploads\/2017\/01\/Fred-Hermman_Tinos-EcoLodge-1-e1518591559181-350x225.jpg 350w, https:\/\/www.tinosecolodge.gr\/cms\/wp-content\/uploads\/2017\/01\/Fred-Hermman_Tinos-EcoLodge-1-e1518591559181-258x166.jpg 258w, https:\/\/www.tinosecolodge.gr\/cms\/wp-content\/uploads\/2017\/01\/Fred-Hermman_Tinos-EcoLodge-1-e1518591559181-112x72.jpg 112w, https:\/\/www.tinosecolodge.gr\/cms\/wp-content\/uploads\/2017\/01\/Fred-Hermman_Tinos-EcoLodge-1-e1518591559181.jpg 597w\" sizes=\"auto, (max-width: 500px) 100vw, 500px\" \/><\/a><\/figure>\n<h3><strong><a href=\"https:\/\/www.tinosecolodge.gr\/de\/die-unterkuenfte\/das-grosse-steinhaus\/\">Das gro\u00dfe Steinhaus<\/a><\/strong><\/h3>\n<p>Das gro\u00dfe Haus verf\u00fcgt \u00fcber zwei separate Schlafzimmer mit je einem Doppelbett. In der Wohnk\u00fcche befindet sich au\u00dferdem ein Sofa, das gen\u00fcgend Platz f\u00fcr eine weitere Person zum bequemem schlafen bietet. Die K\u00fcche ist komplett mit Gasherd, K\u00fchlschrank und allen zum kochen notwendigen Utensilien ausgestattet. Es gibt ein Badezimmer mit Dusche, Waschbecken und Toilette und auch ein paar Grundlagen , wie \u00f6kologische Seife und Shampoo. Die K\u00fcche \u00f6ffnet sich hin zu einer gro\u00dfen Terrasse, die mit einer Bank und einem Esstisch ausgestattet ist und einen Blick \u00fcber den Garten bis hin zum Meer erm\u00f6glicht. Es gibt au\u00dferdem eine kleine Terrasse auf der S\u00fcdseite welche vom Schlafzimmer betreten werden kann.[\/vc_column_text][vc_column_text el_class=&#8220;readmore&#8220;]<a class=\"button-wide one\" href=\"https:\/\/www.tinosecolodge.gr\/de\/die-unterkuenfte\/das-grosse-steinhaus\/\">Lest mehr<\/a>[\/vc_column_text][vc_raw_html]JTNDYSUyMGhyZWYlM0QlMjJodHRwJTNBJTJGJTJGd3d3LnRpbm9zZWNvbG9kZ2UuZ3IlMkZkZSUyRmRpZS11bnRlcmt1ZW5mdGUlMkZkYXMtZ3Jvc3NlLXN0ZWluaGF1cyUyRiUyM3ByaWNlcyUyMiUyMGNsYXNzJTNEJTIyYnV0dG9uLXdpZGUlMjBvbmUlMjIlM0VQciVDMyVCQ2Z0JTIwUHJlaXNlJTIwJTI2JTIwVmVyZiVDMyVCQ2diYXJrZWl0JTNDJTJGYSUzRQ==[\/vc_raw_html][\/vc_column_inner][vc_column_inner width=&#8220;1\/3&#8243;][vc_column_text el_class=&#8220;subtext&#8220;]<\/p>\n<figure id=\"attachment_1751\" class=\"alignnone\" style=\"width: 1150px;\"><a class=\"zoom-hover fb\" data-fancybox-group=\"post-1359\" data-fancybox-title=\"\" href=\"https:\/\/www.tinosecolodge.gr\/de\/die-unterkuenfte\/das-kleine-steinhaus\/\"><img loading=\"lazy\" decoding=\"async\" class=\" wp-image-1751 size-max-width\" src=\"http:\/\/www.tinosecolodge.gr\/cms\/wp-content\/uploads\/2015\/09\/Tinos-ecolodge_small-house-terrace-1150x743.jpeg\" alt=\"\" width=\"1150\" height=\"743\" srcset=\"https:\/\/www.tinosecolodge.gr\/cms\/wp-content\/uploads\/2015\/09\/Tinos-ecolodge_small-house-terrace-1150x743.jpeg 1150w, https:\/\/www.tinosecolodge.gr\/cms\/wp-content\/uploads\/2015\/09\/Tinos-ecolodge_small-house-terrace-500x323.jpeg 500w, https:\/\/www.tinosecolodge.gr\/cms\/wp-content\/uploads\/2015\/09\/Tinos-ecolodge_small-house-terrace-768x496.jpeg 768w, https:\/\/www.tinosecolodge.gr\/cms\/wp-content\/uploads\/2015\/09\/Tinos-ecolodge_small-house-terrace-93x60.jpeg 93w, https:\/\/www.tinosecolodge.gr\/cms\/wp-content\/uploads\/2015\/09\/Tinos-ecolodge_small-house-terrace-56x36.jpeg 56w, https:\/\/www.tinosecolodge.gr\/cms\/wp-content\/uploads\/2015\/09\/Tinos-ecolodge_small-house-terrace-1090x704.jpeg 1090w, https:\/\/www.tinosecolodge.gr\/cms\/wp-content\/uploads\/2015\/09\/Tinos-ecolodge_small-house-terrace-535x346.jpeg 535w, https:\/\/www.tinosecolodge.gr\/cms\/wp-content\/uploads\/2015\/09\/Tinos-ecolodge_small-house-terrace-350x226.jpeg 350w, https:\/\/www.tinosecolodge.gr\/cms\/wp-content\/uploads\/2015\/09\/Tinos-ecolodge_small-house-terrace-258x167.jpeg 258w, https:\/\/www.tinosecolodge.gr\/cms\/wp-content\/uploads\/2015\/09\/Tinos-ecolodge_small-house-terrace-112x72.jpeg 112w, https:\/\/www.tinosecolodge.gr\/cms\/wp-content\/uploads\/2015\/09\/Tinos-ecolodge_small-house-terrace.jpeg 1280w\" sizes=\"auto, (max-width: 1150px) 100vw, 1150px\" \/><\/a><\/figure>\n<h3><strong><a href=\"https:\/\/www.tinosecolodge.gr\/de\/die-unterkuenfte\/das-kleine-steinhaus\/\">Das kleine Steinhaus<\/a><\/strong><\/h3>\n<p>Das kleine Steinhaus verf\u00fcgt \u00fcber ein Schlafzimmer mit einem Doppelbett und einem K\u00fcchensofa, das gro\u00df genug ist f\u00fcr eine weitere Person zum schlafen oder Platz f\u00fcr zwei Kinder bietet. Die K\u00fcche ist komplett mit Gasherd, K\u00fchlschrank und allen zum kochen notwendigen Utensilien ausgestattet. Es gibt ein Badezimmer mit Dusche, Waschbecken und Toilette und auch ein paar Grundlagen wie \u00f6kologische Seife und Shampoo. Die K\u00fcche \u00f6ffnet sich zu einer Terrasse mit Gartenb\u00e4nken und einem Esstisch und bildet au\u00dferdem den \u00dcbergang zum Garten. Es gibt au\u00dferdem eine nach Osten ausgerichtete Terrasse vor dem Haus, die einen sch\u00f6nen Blick auf das Meer und den Sonnenaufgang erm\u00f6glicht![\/vc_column_text][vc_column_text el_class=&#8220;readmore two&#8220; css=&#8220;.vc_custom_1440506562317{margin-bottom: 0px !important;padding-left: 10px !important;}&#8220;]<a class=\"button-wide one\" href=\"https:\/\/www.tinosecolodge.gr\/de\/die-unterkuenfte\/das-kleine-steinhaus\/\">Lest mehr<\/a>[\/vc_column_text][vc_raw_html]JTNDYSUyMGhyZWYlM0QlMjJodHRwJTNBJTJGJTJGd3d3LnRpbm9zZWNvbG9kZ2UuZ3IlMkZkZSUyRmRpZS11bnRlcmt1ZW5mdGUlMkZkYXMta2xlaW5lLXN0ZWluaGF1cyUyRiUyM3ByaWNlcyUyMiUyMGNsYXNzJTNEJTIyYnV0dG9uLXdpZGUlMjB0d28lMjIlM0VQciVDMyVCQ2Z0JTIwUHJlaXNlJTIwJTI2JTIwVmVyZiVDMyVCQ2diYXJrZWl0JTNDJTJGYSUzRQ==[\/vc_raw_html][\/vc_column_inner][vc_column_inner width=&#8220;1\/3&#8243;][vc_column_text el_class=&#8220;subtext&#8220;]<\/p>\n<figure id=\"attachment_9973\" class=\"aligncenter\" style=\"width: 500px;\"><a class=\"zoom-hover fb\" data-fancybox-group=\"post-1359\" data-fancybox-title=\"\" href=\"https:\/\/www.tinosecolodge.gr\/de\/die-unterkuenfte\/the-little-stone-stable-keli\/\"><img loading=\"lazy\" decoding=\"async\" class=\"wp-image-9973 size-medium \" src=\"https:\/\/www.tinosecolodge.gr\/cms\/wp-content\/uploads\/2021\/12\/tinosecolodge-small-stone-stable-92-500x323.jpg\" alt=\"\" width=\"500\" height=\"323\" \/><\/a><\/figure>\n<h3><strong><a href=\"https:\/\/www.tinosecolodge.gr\/de\/die-unterkuenfte\/the-little-stone-stable-keli\/\">The little Stone Stable<\/a><\/strong><\/h3>\n<p>The Keli is a project very dear to us, it is the transformation of a more than 150 year old agricultural building into a suggestion of modest sustainable living. It is situated at the upper corner of our plot and features a very detached private setting. It has two separate spaces, a bedroom which can sleep a couple with a child and a kitchen area with a sofa that can sleep one more person. The bathroom is outdoors and it has an extra eco feature a state of the art compost toilet! Sitting at the terrace you can enjoy the island landscape, the view to the sea and the peace and quiet of nature. The house atmosphere is warm; it is designed to be comfortable, light and sunny, and has a fully equipped kitchen with oven to cook a proper meal. The keli has its own system of rainwater collection, filtration of waste water through a reedbed system and reuse of water for irrigation, closing the loop of the water cycle. It is a fully eco choice and an alternative experience worth to live.[\/vc_column_text][vc_column_text el_class=&#8220;readmore two&#8220; css=&#8220;.vc_custom_1649412346131{margin-bottom: 0px !important;padding-left: 10px !important;}&#8220;]<a class=\"button-wide one\" href=\"https:\/\/www.tinosecolodge.gr\/de\/die-unterkuenfte\/the-little-stone-stable-keli\/\">Read more<\/a>[\/vc_column_text][vc_raw_html]JTNDYSUyMGhyZWYlM0QlMjJodHRwcyUzQSUyRiUyRnd3dy50aW5vc2Vjb2xvZGdlLmdyJTJGZGUlMkZkaWUtdW50ZXJrdWVuZnRlJTJGdGhlLWxpdHRsZS1zdG9uZS1zdGFibGUta2VsaSUyRiUyM3ByaWNlcyUyMiUyMGNsYXNzJTNEJTIyYnV0dG9uLXdpZGUlMjB0d28lMjIlM0VDaGVjayUyMFByaWNlcyUyMCUyNiUyMEF2YWlsYWJpbGl0eSUzQyUyRmElM0U=[\/vc_raw_html][\/vc_column_inner][\/vc_row_inner][\/vc_column][\/vc_row][vc_row full_width=&#8220;stretch_row&#8220; css=&#8220;.vc_custom_1430492699822{margin-right: -150px !important;background-image: url(https:\/\/www.tinosecolodge.gr\/cms\/wp-content\/uploads\/2015\/04\/bar-yellow1.png?id=74) !important;background-position: 0 0 !important;background-repeat: repeat !important;}&#8220; el_class=&#8220;yellowfullwidth&#8220;][vc_column][vc_column_text css=&#8220;.vc_custom_1439458947470{border-right-width: -100px !important;}&#8220;]Der Aufenthalt in Tinos Eco Lodge wird zu einem unvergesslichen und ganz sicher auch zu einer sehr entspannende Erfahrung werden. Von eurer Veranda aus k\u00f6nnt ihr im Osten die Sonne \u00fcber dem Meer aufgehen sehen und habt au\u00dferdem einen spektakul\u00e4ren Blick auf die nahe gelegenen Inseln \u039cykonos und Ikaria. Es gibt zwei sch\u00f6ne Str\u00e4nde in nur 1,5 km Entfernung, Santa Margarita und Lychnaftia. Diese k\u00f6nnt ihr leicht in etwa 20 Minuten zu Fu\u00df erreichen.[\/vc_column_text][vc_empty_space height=&#8220;150px&#8220;][\/vc_column][\/vc_row]<\/p>\n<\/div>","protected":false},"excerpt":{"rendered":"<p>[vc_row][vc_column][vc_column_text css=&#8220;.vc_custom_1649411971051{margin-bottom: 2em !important;}&#8220;] DIE UNTERK\u00dcNFTE [\/vc_column_text][vc_row_inner el_class=&#8220;housesdiv&#8220;][vc_column_inner width=&#8220;1\/3&#8243;][vc_column_text el_class=&#8220;subtext&#8220;] Das gro\u00dfe Steinhaus Das gro\u00dfe Haus verf\u00fcgt \u00fcber zwei separate Schlafzimmer mit je einem Doppelbett. In der Wohnk\u00fcche befindet sich au\u00dferdem ein Sofa, das gen\u00fcgend Platz f\u00fcr eine weitere Person zum bequemem schlafen bietet. Die K\u00fcche ist komplett mit Gasherd, K\u00fchlschrank und allen zum kochen [&hellip;] <a href=\"https:\/\/www.tinosecolodge.gr\/de\/die-unterkuenfte\/\" class=\"more-link\">read more<span class=\"icon-right-open-big\"><\/span><\/a><\/p>\n","protected":false},"author":1,"featured_media":0,"parent":0,"menu_order":0,"comment_status":"open","ping_status":"closed","template":"tpl-special-9.php","meta":{"_acf_changed":false,"footnotes":""},"class_list":["post-1359","page","type-page","status-publish","hentry"],"acf":[],"_links":{"self":[{"href":"https:\/\/www.tinosecolodge.gr\/de\/wp-json\/wp\/v2\/pages\/1359","targetHints":{"allow":["GET"]}}],"collection":[{"href":"https:\/\/www.tinosecolodge.gr\/de\/wp-json\/wp\/v2\/pages"}],"about":[{"href":"https:\/\/www.tinosecolodge.gr\/de\/wp-json\/wp\/v2\/types\/page"}],"author":[{"embeddable":true,"href":"https:\/\/www.tinosecolodge.gr\/de\/wp-json\/wp\/v2\/users\/1"}],"replies":[{"embeddable":true,"href":"https:\/\/www.tinosecolodge.gr\/de\/wp-json\/wp\/v2\/comments?post=1359"}],"version-history":[{"count":24,"href":"https:\/\/www.tinosecolodge.gr\/de\/wp-json\/wp\/v2\/pages\/1359\/revisions"}],"predecessor-version":[{"id":10201,"href":"https:\/\/www.tinosecolodge.gr\/de\/wp-json\/wp\/v2\/pages\/1359\/revisions\/10201"}],"wp:attachment":[{"href":"https:\/\/www.tinosecolodge.gr\/de\/wp-json\/wp\/v2\/media?parent=1359"}],"curies":[{"name":"wp","href":"https:\/\/api.w.org\/{rel}","templated":true}]}}