{"id":2146,"date":"2015-05-20T16:32:04","date_gmt":"2015-05-20T14:32:04","guid":{"rendered":"http:\/\/www.tinosecolodge.gr\/fr\/the-lodges\/"},"modified":"2022-04-08T12:03:56","modified_gmt":"2022-04-08T10:03:56","slug":"the-lodges","status":"publish","type":"page","link":"https:\/\/www.tinosecolodge.gr\/fr\/the-lodges\/","title":{"rendered":"Les loges"},"content":{"rendered":"<div class=\"wpb-content-wrapper\"><p>[vc_row][vc_column][vc_column_text css=\u00a0\u00bb.vc_custom_1649411963235{margin-bottom: 2em !important;}\u00a0\u00bb]<\/p>\n<h1>LES LOGES<\/h1>\n<p>[\/vc_column_text][vc_row_inner el_class=\u00a0\u00bbhousesdiv\u00a0\u00bb][vc_column_inner width=\u00a0\u00bb1\/3&Prime;][vc_column_text el_class=\u00a0\u00bbsubtext\u00a0\u00bb]<\/p>\n<figure id=\"attachment_4740\" class=\"aligncenter\" style=\"width: 500px;\"><a class=\"zoom-hover fb\" data-fancybox-group=\"post-2146\" data-fancybox-title=\"\" href=\"https:\/\/www.tinosecolodge.gr\/fr\/the-lodges\/the-big-stone-house\/\"><img loading=\"lazy\" decoding=\"async\" class=\" wp-image-4740 size-medium\" src=\"http:\/\/www.tinosecolodge.gr\/cms\/wp-content\/uploads\/2017\/01\/Fred-Hermman_Tinos-EcoLodge-1-e1518591559181-500x322.jpg\" alt=\"\" width=\"500\" height=\"322\" srcset=\"https:\/\/www.tinosecolodge.gr\/cms\/wp-content\/uploads\/2017\/01\/Fred-Hermman_Tinos-EcoLodge-1-e1518591559181-500x322.jpg 500w, https:\/\/www.tinosecolodge.gr\/cms\/wp-content\/uploads\/2017\/01\/Fred-Hermman_Tinos-EcoLodge-1-e1518591559181-93x60.jpg 93w, https:\/\/www.tinosecolodge.gr\/cms\/wp-content\/uploads\/2017\/01\/Fred-Hermman_Tinos-EcoLodge-1-e1518591559181-56x36.jpg 56w, https:\/\/www.tinosecolodge.gr\/cms\/wp-content\/uploads\/2017\/01\/Fred-Hermman_Tinos-EcoLodge-1-e1518591559181-535x344.jpg 535w, https:\/\/www.tinosecolodge.gr\/cms\/wp-content\/uploads\/2017\/01\/Fred-Hermman_Tinos-EcoLodge-1-e1518591559181-350x225.jpg 350w, https:\/\/www.tinosecolodge.gr\/cms\/wp-content\/uploads\/2017\/01\/Fred-Hermman_Tinos-EcoLodge-1-e1518591559181-258x166.jpg 258w, https:\/\/www.tinosecolodge.gr\/cms\/wp-content\/uploads\/2017\/01\/Fred-Hermman_Tinos-EcoLodge-1-e1518591559181-112x72.jpg 112w, https:\/\/www.tinosecolodge.gr\/cms\/wp-content\/uploads\/2017\/01\/Fred-Hermman_Tinos-EcoLodge-1-e1518591559181.jpg 597w\" sizes=\"auto, (max-width: 500px) 100vw, 500px\" \/><\/a><\/figure>\n<h3><strong><a href=\"https:\/\/www.tinosecolodge.gr\/fr\/the-lodges\/the-big-stone-house\/\">La grande maison de pierre<\/a><\/strong><\/h3>\n<p>Entour\u00e9e de deux terrasses priv\u00e9es, un grand jardin \u00e0 l&rsquo;avant et une vue magnifique sur la mer, la grande maison de pierre mesure 65 m\u00b2 et poss\u00e8de 150 m\u00b2 de terrasses.<\/p>\n<p>Il existe \u00e9galement un espace de stationnement priv\u00e9 dans la cour en dehors de la maison.<\/p>\n<p>La maison dispose de deux chambres s\u00e9par\u00e9es, une avec un lit double et l&rsquo;autre avec deux lits simples. La cuisine ouverte sur la salle \u00e0 manger est dot\u00e9e d&rsquo;un canap\u00e9-lit convertible et offre suffisamment d&rsquo;espace pour qu&rsquo;une autre personne puisse y dormir confortablement. La cuisine est enti\u00e8rement \u00e9quip\u00e9e avec un four \u00e0 gaz, un r\u00e9frig\u00e9rateur et tous les ustensiles n\u00e9cessaires pour cuisiner et pr\u00e9parer les repas. Il ya une salle de bain avec douche, ainsi que certains \u00e9l\u00e9ments de base essentiels fournis tels que les \u00e9co-savons. La cuisine ouvre sur une grande terrasse \u00e0 l&rsquo;avant de la maison avec table \u00e0 manger et canap\u00e9s, prolong\u00e9e par un jardin. Il ya aussi une petite terrasse sur le c\u00f4t\u00e9 sud accessible \u00e0 partir de la chambre \u00e0 coucher .[\/vc_column_text][vc_column_text el_class=\u00a0\u00bbreadmore\u00a0\u00bb]<a class=\"button-wide one\" href=\"https:\/\/www.tinosecolodge.gr\/fr\/the-lodges\/the-big-stone-house\/\">En savoir plus<\/a>[\/vc_column_text][vc_raw_html]JTNDYSUyMGhyZWYlM0QlMjJodHRwcyUzQSUyRiUyRnd3dy50aW5vc2Vjb2xvZGdlLmdyJTJGZnIlMkZ0aGUtbG9kZ2VzJTJGdGhlLWJpZy1zdG9uZS1ob3VzZSUyRiUyM3ByaWNlcyUyMiUyMGNsYXNzJTNEJTIyYnV0dG9uLXdpZGUlMjBvbmUlMjIlM0VDaGVjayUyMFByaWNlcyUyMCUyNiUyMEF2YWlsYWJpbGl0eSUzQyUyRmElM0U=[\/vc_raw_html][\/vc_column_inner][vc_column_inner width=\u00a0\u00bb1\/3&Prime;][vc_column_text el_class=\u00a0\u00bbsubtext\u00a0\u00bb]<\/p>\n<figure id=\"attachment_1751\" class=\"alignnone\" style=\"width: 1150px;\"><a class=\"zoom-hover fb\" data-fancybox-group=\"post-2146\" data-fancybox-title=\"\" href=\"https:\/\/www.tinosecolodge.gr\/fr\/the-lodges\/the-small-stone-house\/\"><img loading=\"lazy\" decoding=\"async\" class=\" wp-image-1751 size-max-width\" src=\"http:\/\/www.tinosecolodge.gr\/cms\/wp-content\/uploads\/2015\/09\/Tinos-ecolodge_small-house-terrace-1150x743.jpeg\" alt=\"\" width=\"1150\" height=\"743\" srcset=\"https:\/\/www.tinosecolodge.gr\/cms\/wp-content\/uploads\/2015\/09\/Tinos-ecolodge_small-house-terrace-1150x743.jpeg 1150w, https:\/\/www.tinosecolodge.gr\/cms\/wp-content\/uploads\/2015\/09\/Tinos-ecolodge_small-house-terrace-500x323.jpeg 500w, https:\/\/www.tinosecolodge.gr\/cms\/wp-content\/uploads\/2015\/09\/Tinos-ecolodge_small-house-terrace-768x496.jpeg 768w, https:\/\/www.tinosecolodge.gr\/cms\/wp-content\/uploads\/2015\/09\/Tinos-ecolodge_small-house-terrace-93x60.jpeg 93w, https:\/\/www.tinosecolodge.gr\/cms\/wp-content\/uploads\/2015\/09\/Tinos-ecolodge_small-house-terrace-56x36.jpeg 56w, https:\/\/www.tinosecolodge.gr\/cms\/wp-content\/uploads\/2015\/09\/Tinos-ecolodge_small-house-terrace-1090x704.jpeg 1090w, https:\/\/www.tinosecolodge.gr\/cms\/wp-content\/uploads\/2015\/09\/Tinos-ecolodge_small-house-terrace-535x346.jpeg 535w, https:\/\/www.tinosecolodge.gr\/cms\/wp-content\/uploads\/2015\/09\/Tinos-ecolodge_small-house-terrace-350x226.jpeg 350w, https:\/\/www.tinosecolodge.gr\/cms\/wp-content\/uploads\/2015\/09\/Tinos-ecolodge_small-house-terrace-258x167.jpeg 258w, https:\/\/www.tinosecolodge.gr\/cms\/wp-content\/uploads\/2015\/09\/Tinos-ecolodge_small-house-terrace-112x72.jpeg 112w, https:\/\/www.tinosecolodge.gr\/cms\/wp-content\/uploads\/2015\/09\/Tinos-ecolodge_small-house-terrace.jpeg 1280w\" sizes=\"auto, (max-width: 1150px) 100vw, 1150px\" \/><\/a><\/figure>\n<h3><strong><a href=\"https:\/\/www.tinosecolodge.gr\/fr\/the-lodges\/the-small-stone-house\/\">La petite maison de pierre<\/a><\/strong><\/h3>\n<p>La petite maison de pierre est \u00e9galement entour\u00e9e de deux terrasses priv\u00e9es, et acc\u00e8de directement \u00e0 un jardin arbor\u00e9 et \u00e0 un espace de repos ext\u00e9rieur priv\u00e9 sous un m\u00fbrier. Elle mesure 45m2 et la terrasse ext\u00e9rieure et le jardin s&rsquo;\u00e9tend sur plus de 150m\u00b2. Une place de stationnement priv\u00e9 \u00e0 l&rsquo;ext\u00e9rieur de l&rsquo;entr\u00e9e est \u00e0 disposition. La maison dispose d&rsquo;une chambre avec un lit double. La cuisine est ouverte sur la salle \u00e0 manger qui est dot\u00e9e d&rsquo;un canap\u00e9-lit assez grand pour qu&rsquo;une autre personne ou deux enfants puissent y dormir. La cuisine est enti\u00e8rement \u00e9quip\u00e9e avec un four \u00e0 gaz, un r\u00e9frig\u00e9rateur et tous les ustensiles n\u00e9cessaires pour cuisiner et pr\u00e9parer les repas. Il ya une salle de bain avec douche, ainsi que certains \u00e9l\u00e9ments de base essentiels fournis tels que les \u00e9co-savons. La cuisine ouvre sur une terrasse avec des canap\u00e9s de jardin et une table. Il ya aussi une autre terrasse devant la maison orient\u00e9e \u00e0 l&rsquo;Est avec une magnifique vue donnant sur la mer et le lever du soleil![\/vc_column_text][vc_column_text el_class=\u00a0\u00bbreadmore two\u00a0\u00bb css=\u00a0\u00bb.vc_custom_1457540727492{margin-bottom: 0px !important;padding-left: 10px !important;}\u00a0\u00bb]<a class=\"button-wide one\" href=\"https:\/\/www.tinosecolodge.gr\/fr\/the-lodges\/the-small-stone-house\/\">En savoir plus<\/a>[\/vc_column_text][vc_raw_html]JTNDYSUyMGhyZWYlM0QlMjJodHRwcyUzQSUyRiUyRnd3dy50aW5vc2Vjb2xvZGdlLmdyJTJGZnIlMkZ0aGUtbG9kZ2VzJTJGdGhlLXNtYWxsLXN0b25lLWhvdXNlJTJGJTIzcHJpY2VzJTIyJTIwY2xhc3MlM0QlMjJidXR0b24td2lkZSUyMHR3byUyMiUzRUNoZWNrJTIwUHJpY2VzJTIwJTI2JTIwQXZhaWxhYmlsaXR5JTNDJTJGYSUzRQ==[\/vc_raw_html][\/vc_column_inner][vc_column_inner width=\u00a0\u00bb1\/3&Prime;][vc_column_text el_class=\u00a0\u00bbsubtext\u00a0\u00bb]<\/p>\n<figure id=\"attachment_9973\" class=\"aligncenter\" style=\"width: 500px;\"><a class=\"zoom-hover fb\" data-fancybox-group=\"post-2146\" data-fancybox-title=\"\" href=\"https:\/\/www.tinosecolodge.gr\/fr\/the-lodges\/the-little-stone-stable-keli\/\"><img loading=\"lazy\" decoding=\"async\" class=\"wp-image-9973 size-medium \" src=\"https:\/\/www.tinosecolodge.gr\/cms\/wp-content\/uploads\/2021\/12\/tinosecolodge-small-stone-stable-92-500x323.jpg\" alt=\"\" width=\"500\" height=\"323\" \/><\/a><\/figure>\n<h3><strong><a href=\"https:\/\/www.tinosecolodge.gr\/fr\/the-lodges\/the-little-stone-stable-keli\/\">The little Stone Stable<\/a><\/strong><\/h3>\n<p>The Keli is a project very dear to us, it is the transformation of a more than 150 year old agricultural building into a suggestion of modest sustainable living. It is situated at the upper corner of our plot and features a very detached private setting. It has two separate spaces, a bedroom which can sleep a couple with a child and a kitchen area with a sofa that can sleep one more person. The bathroom is outdoors and it has an extra eco feature a state of the art compost toilet! Sitting at the terrace you can enjoy the island landscape, the view to the sea and the peace and quiet of nature. The house atmosphere is warm; it is designed to be comfortable, light and sunny, and has a fully equipped kitchen with oven to cook a proper meal. The keli has its own system of rainwater collection, filtration of waste water through a reedbed system and reuse of water for irrigation, closing the loop of the water cycle. It is a fully eco choice and an alternative experience worth to live.[\/vc_column_text][vc_column_text el_class=\u00a0\u00bbreadmore two\u00a0\u00bb css=\u00a0\u00bb.vc_custom_1649412228250{margin-bottom: 0px !important;padding-left: 10px !important;}\u00a0\u00bb]<a class=\"button-wide one\" href=\"https:\/\/www.tinosecolodge.gr\/fr\/the-lodges\/the-little-stone-stable-keli\/\">Read more<\/a>[\/vc_column_text][vc_raw_html]JTNDYSUyMGhyZWYlM0QlMjJodHRwcyUzQSUyRiUyRnd3dy50aW5vc2Vjb2xvZGdlLmdyJTJGZnIlMkZ0aGUtbG9kZ2VzJTJGdGhlLWxpdHRsZS1zdG9uZS1zdGFibGUta2VsaSUyRiUyM3ByaWNlcyUyMiUyMGNsYXNzJTNEJTIyYnV0dG9uLXdpZGUlMjB0d28lMjIlM0VDaGVjayUyMFByaWNlcyUyMCUyNiUyMEF2YWlsYWJpbGl0eSUzQyUyRmElM0U=[\/vc_raw_html][\/vc_column_inner][\/vc_row_inner][\/vc_column][\/vc_row][vc_row full_width=\u00a0\u00bbstretch_row\u00a0\u00bb css=\u00a0\u00bb.vc_custom_1430492699822{margin-right: -150px !important;background-image: url(https:\/\/www.tinosecolodge.gr\/cms\/wp-content\/uploads\/2015\/04\/bar-yellow1.png?id=74) !important;background-position: 0 0 !important;background-repeat: repeat !important;}\u00a0\u00bb el_class=\u00a0\u00bbyellowfullwidth\u00a0\u00bb][vc_column][vc_column_text css=\u00a0\u00bb.vc_custom_1453735563531{border-right-width: -100px !important;}\u00a0\u00bb]<\/p>\n<p>Votre s\u00e9jour au Tinos Eco Lodge sera une exp\u00e9rience certainement inoubliable et des plus relaxante. De votre v\u00e9randa, qui fait face \u00e0 l&rsquo;est, vous avez une vue superbe sur le lever du soleil et une vue spectaculaire sur les \u00eeles voisines de \u039cykonos et d&rsquo;Ikaria. Il ya deux belles plages distantes de seulement 1,5 km, Santa Margarita et Lychnaftia, o\u00f9 vous pouvez vous rendre facilement en environ 20 min de marche.<\/p>\n<p>[\/vc_column_text][vc_empty_space height=\u00a0\u00bb150px\u00a0\u00bb][\/vc_column][\/vc_row]<\/p>\n<\/div>","protected":false},"excerpt":{"rendered":"<p>[vc_row][vc_column][vc_column_text css=\u00a0\u00bb.vc_custom_1649411963235{margin-bottom: 2em !important;}\u00a0\u00bb] LES LOGES [\/vc_column_text][vc_row_inner el_class=\u00a0\u00bbhousesdiv\u00a0\u00bb][vc_column_inner width=\u00a0\u00bb1\/3&Prime;][vc_column_text el_class=\u00a0\u00bbsubtext\u00a0\u00bb] La grande maison de pierre Entour\u00e9e de deux terrasses priv\u00e9es, un grand jardin \u00e0 l&rsquo;avant et une vue magnifique sur la mer, la grande maison de pierre mesure 65 m\u00b2 et poss\u00e8de 150 m\u00b2 de terrasses. Il existe \u00e9galement un espace de stationnement priv\u00e9 dans [&hellip;] <a href=\"https:\/\/www.tinosecolodge.gr\/fr\/the-lodges\/\" class=\"more-link\">read more<span class=\"icon-right-open-big\"><\/span><\/a><\/p>\n","protected":false},"author":1,"featured_media":0,"parent":0,"menu_order":0,"comment_status":"open","ping_status":"closed","template":"tpl-special-9.php","meta":{"_acf_changed":false,"footnotes":""},"class_list":["post-2146","page","type-page","status-publish","hentry"],"acf":[],"_links":{"self":[{"href":"https:\/\/www.tinosecolodge.gr\/fr\/wp-json\/wp\/v2\/pages\/2146","targetHints":{"allow":["GET"]}}],"collection":[{"href":"https:\/\/www.tinosecolodge.gr\/fr\/wp-json\/wp\/v2\/pages"}],"about":[{"href":"https:\/\/www.tinosecolodge.gr\/fr\/wp-json\/wp\/v2\/types\/page"}],"author":[{"embeddable":true,"href":"https:\/\/www.tinosecolodge.gr\/fr\/wp-json\/wp\/v2\/users\/1"}],"replies":[{"embeddable":true,"href":"https:\/\/www.tinosecolodge.gr\/fr\/wp-json\/wp\/v2\/comments?post=2146"}],"version-history":[{"count":12,"href":"https:\/\/www.tinosecolodge.gr\/fr\/wp-json\/wp\/v2\/pages\/2146\/revisions"}],"predecessor-version":[{"id":10200,"href":"https:\/\/www.tinosecolodge.gr\/fr\/wp-json\/wp\/v2\/pages\/2146\/revisions\/10200"}],"wp:attachment":[{"href":"https:\/\/www.tinosecolodge.gr\/fr\/wp-json\/wp\/v2\/media?parent=2146"}],"curies":[{"name":"wp","href":"https:\/\/api.w.org\/{rel}","templated":true}]}}