{"id":2255,"date":"2015-04-30T16:18:03","date_gmt":"2015-04-30T14:18:03","guid":{"rendered":"http:\/\/www.tinosecolodge.gr\/fr\/location\/"},"modified":"2017-07-10T13:47:52","modified_gmt":"2017-07-10T11:47:52","slug":"location","status":"publish","type":"page","link":"https:\/\/www.tinosecolodge.gr\/fr\/location\/","title":{"rendered":"Location"},"content":{"rendered":"<div class=\"wpb-content-wrapper\"><p>[vc_row][vc_column][vc_column_text]<\/p>\n<h1><strong>Comment s&rsquo;y rendre<\/strong><\/h1>\n<p>[\/vc_column_text][vc_column_text]<\/p>\n<h4>\n<figure id=\"attachment_2014\" class=\"alignleft fixed\" style=\"width: 150px;\"><a class=\"zoom-hover fb\" data-fancybox-group=\"post-2255\" data-fancybox-title=\"\" href=\"http:\/\/www.tinosecolodge.gr\/cms\/wp-content\/uploads\/2015\/04\/anfahrtsskizze1.jpg\"><img loading=\"lazy\" decoding=\"async\" class=\" wp-image-2014 size-thumbnail\" src=\"http:\/\/www.tinosecolodge.gr\/cms\/wp-content\/uploads\/2015\/04\/anfahrtsskizze1-150x150.jpg\" alt=\"anfahrtsskizze\" width=\"150\" height=\"150\" \/><\/a><\/figure>\n<p><i class=\"icon-location\" style=\"font-size: 30px;\"><\/i> Addesse: Tinos \/ Akeratos \/ Potamia \/ Steni \/ Eco Lodge <strong>(<\/strong>GPS : 37.56585,25.21551)<\/h4>\n<p>Arriver \u00e0 Tinos est assez simple. Si vous voyagez en \u00e9t\u00e9, il est possible de prendre un avion arrivant \u00e0 Mykonos et apr\u00e8s avoir rejoint le port (bus ou taxi), Tinos se trouve seulement \u00e0 30 minutes de bateau. Pour les horaires des ferries, v\u00e9rifiez <a href=\"http:\/\/travel.viva.gr\/en\/ferries\">ici<\/a>.<\/p>\n<p>Si vous voyagez en dehors de la haute saison, il vous faudra arriver \u00e0 Ath\u00e8nes. De l&rsquo;a\u00e9roport, vous pourrez prendre un bus jusqu&rsquo;au port de Rafina, qui passe au moins une fois par heure pour un trajet d&rsquo;une dur\u00e9e d&rsquo;environ 30 min.<\/p>\n<p>Le bateau de Rafina pour Tinos part deux fois par jour et le voyage dure environ 4 heures.<\/p>\n<p>Si vous pr\u00e9voyez de rester un jour ou deux \u00e0 Ath\u00e8nes, il est \u00e9galement possible de prendre le bateau au port du Pir\u00e9e (Pireas), qui ne part que le matin, mais il est plus proche du centre ville et il est possible de s&rsquo;y rendre en m\u00e9tro.<\/p>\n<p>Les billets pour les ferries sont disponibles dans chaque port ou par internet (www.directferries.fr\/\u200e)<br \/>\nL&rsquo;Ecolodge se trouve \u00e0 14 km du port de Tinos, zoom arri\u00e8re pour voir l&#8217;emplacement. Pour y arriver, suivez les panneaux indiquant le village de Steni, et apr\u00e8s avoir pass\u00e9 celui-ci tournez \u00e0 droite direction de Potamia et Santa Margarita. Avant d&rsquo;atteindre\u00a0 Potamia tournez \u00e0 droite direction Santa Margarita. Vous trouverez l&rsquo;Ecolodge \u00e0 votre droite \u00e0 environ 2,8 km de St\u00e9ni.<\/p>\n<p><a href=\"Itin\u00e9raire%20Steni%20Ecolodge.pdf\">Itin\u00e9raire Steni Ecolodge.pdf <\/a>[\/vc_column_text][vc_gmaps link=\u00a0\u00bb#E-8_JTNDaWZyYW1lJTIwc3JjJTNEJTIyaHR0cHMlM0ElMkYlMkZ3d3cuZ29vZ2xlLmNvbSUyRm1hcHMlMkZkJTJGZW1iZWQlM0ZtaWQlM0R6b2ZuQ2g3dFVwXzAua0FodzV5SW9pa0RNJTIyJTIwd2lkdGglM0QlMjI4MDAlMjIlMjBoZWlnaHQlM0QlMjI2MDAlMjIlM0UlM0MlMkZpZnJhbWUlM0U=\u00a0\u00bb size=\u00a0\u00bb300&Prime;][vc_column_text]<\/p>\n<h1>The Location<\/h1>\n<p>[\/vc_column_text][\/vc_column][\/vc_row][vc_row el_class=\u00a0\u00bbgalleryminpad\u00a0\u00bb][vc_column width=\u00a0\u00bb1\/2&Prime;][vc_column_text]<\/p>\n<h4>We are situated on the East side of the island, 14km from Tinos port and 2,7 km after the village of Steni, where it is possible to do basic shopping and visit the local tavernas and only 1,5 km away from the beaches <a href=\"http:\/\/www.tinosecolodge.gr\/cms\/wp-content\/uploads\/2015\/04\/Santa-margarita2.jpg\">Santa Margarita<\/a> and <a href=\"http:\/\/www.tinosecolodge.gr\/cms\/wp-content\/uploads\/2015\/04\/Lychnaftia1.jpg\">Lychnaftia<\/a>.<\/h4>\n<p>[\/vc_column_text][vc_column_text]<\/p>\n<p>The location is unique, a perfect hideout in nature! Wild forested with oak trees and gentle agricultural terraces, form the landscape that surround us. The sound of bells, goats, sheep and birds, cicadas and bees accompanies this fantastic landscape. The view to the sea in front and to the island of Mykonos and Ikaria completes the picture and the magnificence of nature at its best. Apart from the lodges there are three\u00a0very old traditional stone stables that we are hoping to fix over the next few years and transform them to small lodges as well. To the west side of the plot there is a small stream with big plane trees and other riverside vegetation which makes this place very green, wild and perfect for a walk in the shade or a nap in the hammock under the trees when the sun gets too hot.<\/p>\n<p>[\/vc_column_text][\/vc_column][vc_column width=\u00a0\u00bb1\/2&Prime;][vc_column_text el_class=\u00a0\u00bbgalleryminpad\u00a0\u00bb]<\/p>\n<div id=\"gallery-1\" class=\"columns\"><ul><li class=\"col-1-4\"><figure class=\"full-width\"><a class=\"zoom-hover fb\" data-fancybox-group=\"gallery-1\" data-fancybox-title=\"\" href=\"https:\/\/www.tinosecolodge.gr\/cms\/wp-content\/uploads\/2015\/04\/big_house_3.jpg\"><img loading=\"lazy\" decoding=\"async\" width=\"350\" height=\"350\" src=\"https:\/\/www.tinosecolodge.gr\/cms\/wp-content\/uploads\/2015\/04\/big_house_3-350x350.jpg\" class=\"attachment-thumbnail size-thumbnail\" alt=\"\" srcset=\"https:\/\/www.tinosecolodge.gr\/cms\/wp-content\/uploads\/2015\/04\/big_house_3-350x350.jpg 350w, https:\/\/www.tinosecolodge.gr\/cms\/wp-content\/uploads\/2015\/04\/big_house_3-238x238.jpg 238w, https:\/\/www.tinosecolodge.gr\/cms\/wp-content\/uploads\/2015\/04\/big_house_3-56x56.jpg 56w, https:\/\/www.tinosecolodge.gr\/cms\/wp-content\/uploads\/2015\/04\/big_house_3-476x476.jpg 476w, https:\/\/www.tinosecolodge.gr\/cms\/wp-content\/uploads\/2015\/04\/big_house_3-112x112.jpg 112w\" sizes=\"auto, (max-width: 350px) 100vw, 350px\" \/><\/a><\/figure><\/li><li class=\"col-1-4\"><figure class=\"full-width\"><a class=\"zoom-hover fb\" data-fancybox-group=\"gallery-1\" data-fancybox-title=\"\" href=\"https:\/\/www.tinosecolodge.gr\/cms\/wp-content\/uploads\/2015\/05\/963a0505_original.jpg\"><img loading=\"lazy\" decoding=\"async\" width=\"350\" height=\"350\" src=\"https:\/\/www.tinosecolodge.gr\/cms\/wp-content\/uploads\/2015\/05\/963a0505_original-350x350.jpg\" class=\"attachment-thumbnail size-thumbnail\" alt=\"\" srcset=\"https:\/\/www.tinosecolodge.gr\/cms\/wp-content\/uploads\/2015\/05\/963a0505_original-350x350.jpg 350w, https:\/\/www.tinosecolodge.gr\/cms\/wp-content\/uploads\/2015\/05\/963a0505_original-238x238.jpg 238w, https:\/\/www.tinosecolodge.gr\/cms\/wp-content\/uploads\/2015\/05\/963a0505_original-56x56.jpg 56w, https:\/\/www.tinosecolodge.gr\/cms\/wp-content\/uploads\/2015\/05\/963a0505_original-476x476.jpg 476w, https:\/\/www.tinosecolodge.gr\/cms\/wp-content\/uploads\/2015\/05\/963a0505_original-112x112.jpg 112w\" sizes=\"auto, (max-width: 350px) 100vw, 350px\" \/><\/a><\/figure><\/li><li class=\"col-1-4\"><figure class=\"full-width\"><a class=\"zoom-hover fb\" data-fancybox-group=\"gallery-1\" data-fancybox-title=\"\" href=\"https:\/\/www.tinosecolodge.gr\/cms\/wp-content\/uploads\/2015\/04\/big_house_13.jpg\"><img loading=\"lazy\" decoding=\"async\" width=\"350\" height=\"350\" src=\"https:\/\/www.tinosecolodge.gr\/cms\/wp-content\/uploads\/2015\/04\/big_house_13-350x350.jpg\" class=\"attachment-thumbnail size-thumbnail\" alt=\"\" srcset=\"https:\/\/www.tinosecolodge.gr\/cms\/wp-content\/uploads\/2015\/04\/big_house_13-350x350.jpg 350w, https:\/\/www.tinosecolodge.gr\/cms\/wp-content\/uploads\/2015\/04\/big_house_13-238x238.jpg 238w, https:\/\/www.tinosecolodge.gr\/cms\/wp-content\/uploads\/2015\/04\/big_house_13-56x56.jpg 56w, https:\/\/www.tinosecolodge.gr\/cms\/wp-content\/uploads\/2015\/04\/big_house_13-476x476.jpg 476w, https:\/\/www.tinosecolodge.gr\/cms\/wp-content\/uploads\/2015\/04\/big_house_13-112x112.jpg 112w\" sizes=\"auto, (max-width: 350px) 100vw, 350px\" \/><\/a><\/figure><\/li><li class=\"col-1-4\"><figure class=\"full-width\"><a class=\"zoom-hover fb\" data-fancybox-group=\"gallery-1\" data-fancybox-title=\"\" href=\"https:\/\/www.tinosecolodge.gr\/cms\/wp-content\/uploads\/2015\/05\/Banner-03.jpg\"><img loading=\"lazy\" decoding=\"async\" width=\"350\" height=\"350\" src=\"https:\/\/www.tinosecolodge.gr\/cms\/wp-content\/uploads\/2015\/05\/Banner-03-350x350.jpg\" class=\"attachment-thumbnail size-thumbnail\" alt=\"\" srcset=\"https:\/\/www.tinosecolodge.gr\/cms\/wp-content\/uploads\/2015\/05\/Banner-03-350x350.jpg 350w, https:\/\/www.tinosecolodge.gr\/cms\/wp-content\/uploads\/2015\/05\/Banner-03-238x238.jpg 238w, https:\/\/www.tinosecolodge.gr\/cms\/wp-content\/uploads\/2015\/05\/Banner-03-56x56.jpg 56w, https:\/\/www.tinosecolodge.gr\/cms\/wp-content\/uploads\/2015\/05\/Banner-03-112x112.jpg 112w\" sizes=\"auto, (max-width: 350px) 100vw, 350px\" \/><\/a><\/figure><\/li><li class=\"col-1-4\"><figure class=\"full-width\"><a class=\"zoom-hover fb\" data-fancybox-group=\"gallery-1\" data-fancybox-title=\"\" href=\"https:\/\/www.tinosecolodge.gr\/cms\/wp-content\/uploads\/2015\/05\/spring_plot2small-e1431677293626.jpg\"><img loading=\"lazy\" decoding=\"async\" width=\"350\" height=\"350\" src=\"https:\/\/www.tinosecolodge.gr\/cms\/wp-content\/uploads\/2015\/05\/spring_plot2small-e1431677293626-350x350.jpg\" class=\"attachment-thumbnail size-thumbnail\" alt=\"\" srcset=\"https:\/\/www.tinosecolodge.gr\/cms\/wp-content\/uploads\/2015\/05\/spring_plot2small-e1431677293626-350x350.jpg 350w, https:\/\/www.tinosecolodge.gr\/cms\/wp-content\/uploads\/2015\/05\/spring_plot2small-e1431677293626-238x238.jpg 238w, https:\/\/www.tinosecolodge.gr\/cms\/wp-content\/uploads\/2015\/05\/spring_plot2small-e1431677293626-56x56.jpg 56w, https:\/\/www.tinosecolodge.gr\/cms\/wp-content\/uploads\/2015\/05\/spring_plot2small-e1431677293626-476x476.jpg 476w, https:\/\/www.tinosecolodge.gr\/cms\/wp-content\/uploads\/2015\/05\/spring_plot2small-e1431677293626-112x112.jpg 112w\" sizes=\"auto, (max-width: 350px) 100vw, 350px\" \/><\/a><\/figure><\/li><li class=\"col-1-4\"><figure class=\"full-width\"><a class=\"zoom-hover fb\" data-fancybox-group=\"gallery-1\" data-fancybox-title=\"\" href=\"https:\/\/www.tinosecolodge.gr\/cms\/wp-content\/uploads\/2015\/05\/Banner-02.jpg\"><img loading=\"lazy\" decoding=\"async\" width=\"350\" height=\"350\" src=\"https:\/\/www.tinosecolodge.gr\/cms\/wp-content\/uploads\/2015\/05\/Banner-02-350x350.jpg\" class=\"attachment-thumbnail size-thumbnail\" alt=\"\" srcset=\"https:\/\/www.tinosecolodge.gr\/cms\/wp-content\/uploads\/2015\/05\/Banner-02-350x350.jpg 350w, https:\/\/www.tinosecolodge.gr\/cms\/wp-content\/uploads\/2015\/05\/Banner-02-238x238.jpg 238w, https:\/\/www.tinosecolodge.gr\/cms\/wp-content\/uploads\/2015\/05\/Banner-02-56x56.jpg 56w, https:\/\/www.tinosecolodge.gr\/cms\/wp-content\/uploads\/2015\/05\/Banner-02-112x112.jpg 112w\" sizes=\"auto, (max-width: 350px) 100vw, 350px\" \/><\/a><\/figure><\/li><li class=\"col-1-4\"><figure class=\"full-width\"><a class=\"zoom-hover fb\" data-fancybox-group=\"gallery-1\" data-fancybox-title=\"\" href=\"https:\/\/www.tinosecolodge.gr\/cms\/wp-content\/uploads\/2016\/10\/1846.jpg\"><img loading=\"lazy\" decoding=\"async\" width=\"350\" height=\"350\" src=\"https:\/\/www.tinosecolodge.gr\/cms\/wp-content\/uploads\/2016\/10\/1846-350x350.jpg\" class=\"attachment-thumbnail size-thumbnail\" alt=\"\" srcset=\"https:\/\/www.tinosecolodge.gr\/cms\/wp-content\/uploads\/2016\/10\/1846-350x350.jpg 350w, https:\/\/www.tinosecolodge.gr\/cms\/wp-content\/uploads\/2016\/10\/1846-238x238.jpg 238w, https:\/\/www.tinosecolodge.gr\/cms\/wp-content\/uploads\/2016\/10\/1846-56x56.jpg 56w, https:\/\/www.tinosecolodge.gr\/cms\/wp-content\/uploads\/2016\/10\/1846-476x476.jpg 476w, https:\/\/www.tinosecolodge.gr\/cms\/wp-content\/uploads\/2016\/10\/1846-112x112.jpg 112w\" sizes=\"auto, (max-width: 350px) 100vw, 350px\" \/><\/a><\/figure><\/li><li class=\"col-1-4\"><figure class=\"full-width\"><a class=\"zoom-hover fb\" data-fancybox-group=\"gallery-1\" data-fancybox-title=\"\" href=\"https:\/\/www.tinosecolodge.gr\/cms\/wp-content\/uploads\/2017\/05\/20170427_081806_RichtoneHDR.jpg\"><img loading=\"lazy\" decoding=\"async\" width=\"350\" height=\"350\" src=\"https:\/\/www.tinosecolodge.gr\/cms\/wp-content\/uploads\/2017\/05\/20170427_081806_RichtoneHDR-350x350.jpg\" class=\"attachment-thumbnail size-thumbnail\" alt=\"\" srcset=\"https:\/\/www.tinosecolodge.gr\/cms\/wp-content\/uploads\/2017\/05\/20170427_081806_RichtoneHDR-350x350.jpg 350w, https:\/\/www.tinosecolodge.gr\/cms\/wp-content\/uploads\/2017\/05\/20170427_081806_RichtoneHDR-238x238.jpg 238w, https:\/\/www.tinosecolodge.gr\/cms\/wp-content\/uploads\/2017\/05\/20170427_081806_RichtoneHDR-56x56.jpg 56w, https:\/\/www.tinosecolodge.gr\/cms\/wp-content\/uploads\/2017\/05\/20170427_081806_RichtoneHDR-476x476.jpg 476w, https:\/\/www.tinosecolodge.gr\/cms\/wp-content\/uploads\/2017\/05\/20170427_081806_RichtoneHDR-112x112.jpg 112w\" sizes=\"auto, (max-width: 350px) 100vw, 350px\" \/><\/a><\/figure><\/li><li class=\"col-1-4\"><figure class=\"full-width\"><a class=\"zoom-hover fb\" data-fancybox-group=\"gallery-1\" data-fancybox-title=\"\" href=\"https:\/\/www.tinosecolodge.gr\/cms\/wp-content\/uploads\/2017\/04\/tinos-eco-lodge-YOGA-RETREAT-31.jpg\"><img loading=\"lazy\" decoding=\"async\" width=\"350\" height=\"350\" src=\"https:\/\/www.tinosecolodge.gr\/cms\/wp-content\/uploads\/2017\/04\/tinos-eco-lodge-YOGA-RETREAT-31-350x350.jpg\" class=\"attachment-thumbnail size-thumbnail\" alt=\"\" srcset=\"https:\/\/www.tinosecolodge.gr\/cms\/wp-content\/uploads\/2017\/04\/tinos-eco-lodge-YOGA-RETREAT-31-350x350.jpg 350w, https:\/\/www.tinosecolodge.gr\/cms\/wp-content\/uploads\/2017\/04\/tinos-eco-lodge-YOGA-RETREAT-31-238x238.jpg 238w, https:\/\/www.tinosecolodge.gr\/cms\/wp-content\/uploads\/2017\/04\/tinos-eco-lodge-YOGA-RETREAT-31-56x56.jpg 56w, https:\/\/www.tinosecolodge.gr\/cms\/wp-content\/uploads\/2017\/04\/tinos-eco-lodge-YOGA-RETREAT-31-476x476.jpg 476w, https:\/\/www.tinosecolodge.gr\/cms\/wp-content\/uploads\/2017\/04\/tinos-eco-lodge-YOGA-RETREAT-31-112x112.jpg 112w\" sizes=\"auto, (max-width: 350px) 100vw, 350px\" \/><\/a><\/figure><\/li><li class=\"col-1-4\"><figure class=\"full-width\"><a class=\"zoom-hover fb\" data-fancybox-group=\"gallery-1\" data-fancybox-title=\"\u0397 \u03ba\u03bf\u03c5\u03b6\u03af\u03bd\u03b1 \u03c3\u03c4\u03bf\u03bd \u03bb\u03b1\u03c7\u03b1\u03bd\u03cc\u03ba\u03b7\u03c0\u03bf\" href=\"https:\/\/www.tinosecolodge.gr\/cms\/wp-content\/uploads\/2016\/10\/Tinosecolodge-PDC-2016_5-20.jpg\"><img loading=\"lazy\" decoding=\"async\" width=\"350\" height=\"350\" src=\"https:\/\/www.tinosecolodge.gr\/cms\/wp-content\/uploads\/2016\/10\/Tinosecolodge-PDC-2016_5-20-350x350.jpg\" class=\"attachment-thumbnail size-thumbnail\" alt=\"\" srcset=\"https:\/\/www.tinosecolodge.gr\/cms\/wp-content\/uploads\/2016\/10\/Tinosecolodge-PDC-2016_5-20-350x350.jpg 350w, https:\/\/www.tinosecolodge.gr\/cms\/wp-content\/uploads\/2016\/10\/Tinosecolodge-PDC-2016_5-20-238x238.jpg 238w, https:\/\/www.tinosecolodge.gr\/cms\/wp-content\/uploads\/2016\/10\/Tinosecolodge-PDC-2016_5-20-56x56.jpg 56w, https:\/\/www.tinosecolodge.gr\/cms\/wp-content\/uploads\/2016\/10\/Tinosecolodge-PDC-2016_5-20-476x476.jpg 476w, https:\/\/www.tinosecolodge.gr\/cms\/wp-content\/uploads\/2016\/10\/Tinosecolodge-PDC-2016_5-20-112x112.jpg 112w\" sizes=\"auto, (max-width: 350px) 100vw, 350px\" \/><\/a><\/figure><\/li><li class=\"col-1-4\"><figure class=\"full-width\"><a class=\"zoom-hover fb\" data-fancybox-group=\"gallery-1\" data-fancybox-title=\"\" href=\"https:\/\/www.tinosecolodge.gr\/cms\/wp-content\/uploads\/2016\/10\/tinos-eco-lodge-permaculture-design-course-anja-discher-_17.jpg\"><img loading=\"lazy\" decoding=\"async\" width=\"350\" height=\"350\" src=\"https:\/\/www.tinosecolodge.gr\/cms\/wp-content\/uploads\/2016\/10\/tinos-eco-lodge-permaculture-design-course-anja-discher-_17-350x350.jpg\" class=\"attachment-thumbnail size-thumbnail\" alt=\"\" srcset=\"https:\/\/www.tinosecolodge.gr\/cms\/wp-content\/uploads\/2016\/10\/tinos-eco-lodge-permaculture-design-course-anja-discher-_17-350x350.jpg 350w, https:\/\/www.tinosecolodge.gr\/cms\/wp-content\/uploads\/2016\/10\/tinos-eco-lodge-permaculture-design-course-anja-discher-_17-238x238.jpg 238w, https:\/\/www.tinosecolodge.gr\/cms\/wp-content\/uploads\/2016\/10\/tinos-eco-lodge-permaculture-design-course-anja-discher-_17-56x56.jpg 56w, https:\/\/www.tinosecolodge.gr\/cms\/wp-content\/uploads\/2016\/10\/tinos-eco-lodge-permaculture-design-course-anja-discher-_17-476x476.jpg 476w, https:\/\/www.tinosecolodge.gr\/cms\/wp-content\/uploads\/2016\/10\/tinos-eco-lodge-permaculture-design-course-anja-discher-_17-112x112.jpg 112w\" sizes=\"auto, (max-width: 350px) 100vw, 350px\" \/><\/a><\/figure><\/li><li class=\"col-1-4\"><figure class=\"full-width\"><a class=\"zoom-hover fb\" data-fancybox-group=\"gallery-1\" data-fancybox-title=\"\" href=\"https:\/\/www.tinosecolodge.gr\/cms\/wp-content\/uploads\/2016\/05\/Tinosecolodge-sunrise-2.jpg\"><img loading=\"lazy\" decoding=\"async\" width=\"350\" height=\"350\" src=\"https:\/\/www.tinosecolodge.gr\/cms\/wp-content\/uploads\/2016\/05\/Tinosecolodge-sunrise-2-350x350.jpg\" class=\"attachment-thumbnail size-thumbnail\" alt=\"\" srcset=\"https:\/\/www.tinosecolodge.gr\/cms\/wp-content\/uploads\/2016\/05\/Tinosecolodge-sunrise-2-350x350.jpg 350w, https:\/\/www.tinosecolodge.gr\/cms\/wp-content\/uploads\/2016\/05\/Tinosecolodge-sunrise-2-238x238.jpg 238w, https:\/\/www.tinosecolodge.gr\/cms\/wp-content\/uploads\/2016\/05\/Tinosecolodge-sunrise-2-56x56.jpg 56w, https:\/\/www.tinosecolodge.gr\/cms\/wp-content\/uploads\/2016\/05\/Tinosecolodge-sunrise-2-476x476.jpg 476w, https:\/\/www.tinosecolodge.gr\/cms\/wp-content\/uploads\/2016\/05\/Tinosecolodge-sunrise-2-112x112.jpg 112w\" sizes=\"auto, (max-width: 350px) 100vw, 350px\" \/><\/a><\/figure><\/li><li class=\"col-1-4\"><figure class=\"full-width\"><a class=\"zoom-hover fb\" data-fancybox-group=\"gallery-1\" data-fancybox-title=\"\" href=\"https:\/\/www.tinosecolodge.gr\/cms\/wp-content\/uploads\/2015\/09\/Tinos-ecolodge_small-house-terrace-2.jpeg\"><img loading=\"lazy\" decoding=\"async\" width=\"350\" height=\"350\" src=\"https:\/\/www.tinosecolodge.gr\/cms\/wp-content\/uploads\/2015\/09\/Tinos-ecolodge_small-house-terrace-2-350x350.jpeg\" class=\"attachment-thumbnail size-thumbnail\" alt=\"\" srcset=\"https:\/\/www.tinosecolodge.gr\/cms\/wp-content\/uploads\/2015\/09\/Tinos-ecolodge_small-house-terrace-2-350x350.jpeg 350w, https:\/\/www.tinosecolodge.gr\/cms\/wp-content\/uploads\/2015\/09\/Tinos-ecolodge_small-house-terrace-2-238x238.jpeg 238w, https:\/\/www.tinosecolodge.gr\/cms\/wp-content\/uploads\/2015\/09\/Tinos-ecolodge_small-house-terrace-2-56x56.jpeg 56w, https:\/\/www.tinosecolodge.gr\/cms\/wp-content\/uploads\/2015\/09\/Tinos-ecolodge_small-house-terrace-2-476x476.jpeg 476w, https:\/\/www.tinosecolodge.gr\/cms\/wp-content\/uploads\/2015\/09\/Tinos-ecolodge_small-house-terrace-2-112x112.jpeg 112w\" sizes=\"auto, (max-width: 350px) 100vw, 350px\" \/><\/a><\/figure><\/li><li class=\"col-1-4\"><figure class=\"full-width\"><a class=\"zoom-hover fb\" data-fancybox-group=\"gallery-1\" data-fancybox-title=\"Santa Margarita\" href=\"https:\/\/www.tinosecolodge.gr\/cms\/wp-content\/uploads\/2015\/04\/Santa-Margarita1.jpg\"><img loading=\"lazy\" decoding=\"async\" width=\"350\" height=\"350\" src=\"https:\/\/www.tinosecolodge.gr\/cms\/wp-content\/uploads\/2015\/04\/Santa-Margarita1-350x350.jpg\" class=\"attachment-thumbnail size-thumbnail\" alt=\"\" srcset=\"https:\/\/www.tinosecolodge.gr\/cms\/wp-content\/uploads\/2015\/04\/Santa-Margarita1-350x350.jpg 350w, https:\/\/www.tinosecolodge.gr\/cms\/wp-content\/uploads\/2015\/04\/Santa-Margarita1-238x238.jpg 238w, https:\/\/www.tinosecolodge.gr\/cms\/wp-content\/uploads\/2015\/04\/Santa-Margarita1-56x56.jpg 56w, https:\/\/www.tinosecolodge.gr\/cms\/wp-content\/uploads\/2015\/04\/Santa-Margarita1-476x476.jpg 476w, https:\/\/www.tinosecolodge.gr\/cms\/wp-content\/uploads\/2015\/04\/Santa-Margarita1-112x112.jpg 112w\" sizes=\"auto, (max-width: 350px) 100vw, 350px\" \/><\/a><\/figure><\/li><li class=\"col-1-4\"><figure class=\"full-width\"><a class=\"zoom-hover fb\" data-fancybox-group=\"gallery-1\" data-fancybox-title=\"Lychnaftia\" href=\"https:\/\/www.tinosecolodge.gr\/cms\/wp-content\/uploads\/2015\/04\/Lychnaftia2.jpg\"><img loading=\"lazy\" decoding=\"async\" width=\"350\" height=\"350\" src=\"https:\/\/www.tinosecolodge.gr\/cms\/wp-content\/uploads\/2015\/04\/Lychnaftia2-350x350.jpg\" class=\"attachment-thumbnail size-thumbnail\" alt=\"\" srcset=\"https:\/\/www.tinosecolodge.gr\/cms\/wp-content\/uploads\/2015\/04\/Lychnaftia2-350x350.jpg 350w, https:\/\/www.tinosecolodge.gr\/cms\/wp-content\/uploads\/2015\/04\/Lychnaftia2-238x238.jpg 238w, https:\/\/www.tinosecolodge.gr\/cms\/wp-content\/uploads\/2015\/04\/Lychnaftia2-56x56.jpg 56w, https:\/\/www.tinosecolodge.gr\/cms\/wp-content\/uploads\/2015\/04\/Lychnaftia2-476x476.jpg 476w, https:\/\/www.tinosecolodge.gr\/cms\/wp-content\/uploads\/2015\/04\/Lychnaftia2-112x112.jpg 112w\" sizes=\"auto, (max-width: 350px) 100vw, 350px\" \/><\/a><\/figure><\/li><li class=\"col-1-4\"><figure class=\"full-width\"><a class=\"zoom-hover fb\" data-fancybox-group=\"gallery-1\" data-fancybox-title=\"\" href=\"https:\/\/www.tinosecolodge.gr\/cms\/wp-content\/uploads\/2015\/05\/14423d63_original.jpg\"><img loading=\"lazy\" decoding=\"async\" width=\"350\" height=\"350\" src=\"https:\/\/www.tinosecolodge.gr\/cms\/wp-content\/uploads\/2015\/05\/14423d63_original-350x350.jpg\" class=\"attachment-thumbnail size-thumbnail\" alt=\"\" srcset=\"https:\/\/www.tinosecolodge.gr\/cms\/wp-content\/uploads\/2015\/05\/14423d63_original-350x350.jpg 350w, https:\/\/www.tinosecolodge.gr\/cms\/wp-content\/uploads\/2015\/05\/14423d63_original-238x238.jpg 238w, https:\/\/www.tinosecolodge.gr\/cms\/wp-content\/uploads\/2015\/05\/14423d63_original-56x56.jpg 56w, https:\/\/www.tinosecolodge.gr\/cms\/wp-content\/uploads\/2015\/05\/14423d63_original-476x476.jpg 476w, https:\/\/www.tinosecolodge.gr\/cms\/wp-content\/uploads\/2015\/05\/14423d63_original-112x112.jpg 112w\" sizes=\"auto, (max-width: 350px) 100vw, 350px\" \/><\/a><\/figure><\/li><\/ul><\/div>\n<p>[\/vc_column_text][\/vc_column][\/vc_row][vc_row][vc_column][vc_gmaps link=\u00a0\u00bb#E-8_JTNDaWZyYW1lJTIwc3JjJTNEJTIyaHR0cHMlM0ElMkYlMkZ3d3cuZ29vZ2xlLmNvbSUyRm1hcHMlMkZkJTJGZW1iZWQlM0ZtaWQlM0R6b2ZuQ2g3dFVwXzAuazFiWkt6Mkt1YktnJTIyJTIwd2lkdGglM0QlMjI4MDAlMjIlMjBoZWlnaHQlM0QlMjIzNTAlMjIlM0UlM0MlMkZpZnJhbWUlM0U=\u00a0\u00bb size=\u00a0\u00bb470&Prime;][\/vc_column][\/vc_row][vc_row][vc_column][vc_empty_space height=\u00a0\u00bb150px\u00a0\u00bb][\/vc_column][\/vc_row][vc_row][vc_column][vc_column_text]<br \/>\n[\/vc_column_text][\/vc_column][\/vc_row][vc_row][vc_column][vc_column_text]<br \/>\n[\/vc_column_text][\/vc_column][\/vc_row][vc_row][vc_column][vc_column_text]<br \/>\n[\/vc_column_text][\/vc_column][\/vc_row][vc_row][vc_column][vc_column_text]<br \/>\n[\/vc_column_text][\/vc_column][\/vc_row]<\/p>\n<\/div>","protected":false},"excerpt":{"rendered":"<p>[vc_row][vc_column][vc_column_text] Comment s&rsquo;y rendre [\/vc_column_text][vc_column_text] Addesse: Tinos \/ Akeratos \/ Potamia \/ Steni \/ Eco Lodge (GPS : 37.56585,25.21551) Arriver \u00e0 Tinos est assez simple. Si vous voyagez en \u00e9t\u00e9, il est possible de prendre un avion arrivant \u00e0 Mykonos et apr\u00e8s avoir rejoint le port (bus ou taxi), Tinos se trouve seulement \u00e0 30 [&hellip;] <a href=\"https:\/\/www.tinosecolodge.gr\/fr\/location\/\" class=\"more-link\">read more<span class=\"icon-right-open-big\"><\/span><\/a><\/p>\n","protected":false},"author":1,"featured_media":0,"parent":0,"menu_order":0,"comment_status":"closed","ping_status":"closed","template":"tpl-special-9.php","meta":{"_acf_changed":false,"footnotes":""},"class_list":["post-2255","page","type-page","status-publish","hentry"],"acf":[],"_links":{"self":[{"href":"https:\/\/www.tinosecolodge.gr\/fr\/wp-json\/wp\/v2\/pages\/2255","targetHints":{"allow":["GET"]}}],"collection":[{"href":"https:\/\/www.tinosecolodge.gr\/fr\/wp-json\/wp\/v2\/pages"}],"about":[{"href":"https:\/\/www.tinosecolodge.gr\/fr\/wp-json\/wp\/v2\/types\/page"}],"author":[{"embeddable":true,"href":"https:\/\/www.tinosecolodge.gr\/fr\/wp-json\/wp\/v2\/users\/1"}],"replies":[{"embeddable":true,"href":"https:\/\/www.tinosecolodge.gr\/fr\/wp-json\/wp\/v2\/comments?post=2255"}],"version-history":[{"count":7,"href":"https:\/\/www.tinosecolodge.gr\/fr\/wp-json\/wp\/v2\/pages\/2255\/revisions"}],"predecessor-version":[{"id":5418,"href":"https:\/\/www.tinosecolodge.gr\/fr\/wp-json\/wp\/v2\/pages\/2255\/revisions\/5418"}],"wp:attachment":[{"href":"https:\/\/www.tinosecolodge.gr\/fr\/wp-json\/wp\/v2\/media?parent=2255"}],"curies":[{"name":"wp","href":"https:\/\/api.w.org\/{rel}","templated":true}]}}